{"id":3285,"date":"2020-11-05T02:50:20","date_gmt":"2020-11-05T01:50:20","guid":{"rendered":"http:\/\/www.autodrom4x4.pl\/na-prezent\/?page_id=3285"},"modified":"2021-02-02T00:35:03","modified_gmt":"2021-02-01T23:35:03","slug":"kontakt","status":"publish","type":"page","link":"https:\/\/autodrom4x4.pl\/offroad\/kontakt\/","title":{"rendered":"Kontakt"},"content":{"rendered":"<div style=\"width: 100%\"><iframe loading=\"lazy\" width=\"100%\" height=\"450\" frameborder=\"0\" scrolling=\"no\" marginheight=\"0\" marginwidth=\"0\" src=\"https:\/\/maps.google.com\/maps?width=100%25&amp;height=450&amp;hl=en&amp;q=W%C5%82o%C5%9Bciejewki%2022,63-130%20Ksi%C4%85%C5%BC%20Wielkopolski+(Autodrom%204x4%20-%20Roman%20Wasik)&amp;t=k&amp;z=17&amp;ie=UTF8&amp;iwloc=B&amp;output=embed\"><\/iframe><\/div><div class=\"wp-block-columns are-vertically-aligned-center is-layout-flex wp-container-core-columns-is-layout-1 wp-block-columns-is-layout-flex\"><div class=\"wp-block-column is-vertically-aligned-center is-layout-flow wp-block-column-is-layout-flow\" style=\"flex-basis:100%\"><div class=\"wp-block-group\"><div class=\"wp-block-group__inner-container is-layout-flow wp-block-group-is-layout-flow\"><\/div><\/div><\/div><\/div><style>#kontakt\n{\n  width: 100%;\n  background-color:#fefefe;\n}\n#contactform\n{\n  float: left;\n  width:50%;\n   background-color:#fff;\n}\n#danekontaktowe\n{\n  float: right;\n  width:50%;\n   background-color:#fff;\ntext-align:right;\n}\n<\/style>\n\n\n<div id=\"kontakt\">\n  <div id=\"contactform\">\n\n<div class=\"wpcf7 no-js\" id=\"wpcf7-f3424-o1\" lang=\"pl-PL\" dir=\"ltr\">\n<div class=\"screen-reader-response\"><p role=\"status\" aria-live=\"polite\" aria-atomic=\"true\"><\/p> <ul><\/ul><\/div>\n<form action=\"\/offroad\/wp-json\/wp\/v2\/pages\/3285#wpcf7-f3424-o1\" method=\"post\" class=\"wpcf7-form init\" aria-label=\"Formularz kontaktowy\" novalidate=\"novalidate\" data-status=\"init\">\n<div style=\"display: none;\">\n<input type=\"hidden\" name=\"_wpcf7\" value=\"3424\" \/>\n<input type=\"hidden\" name=\"_wpcf7_version\" value=\"5.9.8\" \/>\n<input type=\"hidden\" name=\"_wpcf7_locale\" value=\"pl_PL\" \/>\n<input type=\"hidden\" name=\"_wpcf7_unit_tag\" value=\"wpcf7-f3424-o1\" \/>\n<input type=\"hidden\" name=\"_wpcf7_container_post\" value=\"0\" \/>\n<input type=\"hidden\" name=\"_wpcf7_posted_data_hash\" value=\"\" \/>\n<input type=\"hidden\" name=\"_wpcf7_recaptcha_response\" value=\"\" \/>\n<\/div>\n<p><label> Twoje imi\u0119<br \/>\n<span class=\"wpcf7-form-control-wrap\" data-name=\"your-name\"><input size=\"40\" maxlength=\"400\" class=\"wpcf7-form-control wpcf7-text wpcf7-validates-as-required\" aria-required=\"true\" aria-invalid=\"false\" value=\"\" type=\"text\" name=\"your-name\" \/><\/span> <\/label>\n<\/p>\n<p><label> Tw\u00f3j email<br \/>\n<span class=\"wpcf7-form-control-wrap\" data-name=\"your-email\"><input size=\"40\" maxlength=\"400\" class=\"wpcf7-form-control wpcf7-email wpcf7-validates-as-required wpcf7-text wpcf7-validates-as-email\" aria-required=\"true\" aria-invalid=\"false\" value=\"\" type=\"email\" name=\"your-email\" \/><\/span> <\/label>\n<\/p>\n<p><label> Temat<br \/>\n<span class=\"wpcf7-form-control-wrap\" data-name=\"your-subject\"><input size=\"40\" maxlength=\"400\" class=\"wpcf7-form-control wpcf7-text wpcf7-validates-as-required\" aria-required=\"true\" aria-invalid=\"false\" value=\"\" type=\"text\" name=\"your-subject\" \/><\/span> <\/label>\n<\/p>\n<p><label> Twoja wiadomo\u015bci (opcja)<br \/>\n<span class=\"wpcf7-form-control-wrap\" data-name=\"your-message\"><textarea cols=\"40\" rows=\"10\" maxlength=\"2000\" class=\"wpcf7-form-control wpcf7-textarea\" aria-invalid=\"false\" name=\"your-message\"><\/textarea><\/span> <\/label><br \/>\n<br \/>\n<div id=\"cf7sr-69d4d96a63b9b\" class=\"cf7sr-g-recaptcha\" data-theme=\"light\" data-type=\"image\" data-size=\"normal\" data-sitekey=\"6LdksUUaAAAAACrPgeLdgvt2s5LelprPHKsP-Wwc\"><\/div><span class=\"wpcf7-form-control-wrap cf7sr-recaptcha\" data-name=\"cf7sr-recaptcha\"><input type=\"hidden\" name=\"cf7sr-recaptcha\" value=\"\" class=\"wpcf7-form-control\"><\/span><br \/>\n<input class=\"wpcf7-form-control wpcf7-submit has-spinner\" type=\"submit\" value=\"Wy\u015blij\" \/>\n<\/p><div class=\"wpcf7-response-output\" aria-hidden=\"true\"><\/div>\n<\/form>\n<\/div>\n\n  <\/div>\n  <div id=\"danekontaktowe\">\nDane firmy : \n  <h1>PHU Autodrom4x4\u00ae Roman Wasik<\/h1>\n  <p>\n  W\u0142o\u015bciejewki 22 <br>\n63-130 Ksi\u0105\u017c Wielkopolski<br>\nNIP : 785-120-83-13<br \/>\n<a href=\"mailto:info@autodrom4x4.pl\">email: info@autodrom4x4.pl<\/a>\n  <\/p>\n<p>\nAdres:<br \/>\nW\u0142o\u015bciejewki 22, 63-130 Ksi\u0105\u017c Wielkopolski\n<\/p>\n  <hr size=\"1\">\n  <p>\n  Organizacja szkole\u0144, prezentacji\ni spotka\u0144 integracyjnych.<br>\n<b>Roman Wasik<\/b><br>\n<span style=\"font-size:36px;\">500 595 660<\/span><br>\n<a href=\"mailto:romanwasik@autodrom4x4.pl\">email: romanwasik@autodrom4x4.pl<\/a>\n  <\/p>\n  <hr size=\"1\">\n  <p>\n  Rezerwacje jazd indywidualnych\ni sprzeda\u017c prezent\u00f3w 4&#215;4.<br>\n<b>Marzena Wasik<\/b><br>\n<span style=\"font-size:36px;\">500 595 661<\/span><br>\n<a href=\"mailto:naprezent@autodrom4x4.pl\">email: naprezent@autodrom4x4.pl<\/a>\n  <\/p>\n  <\/div>\n<\/div>","protected":false},"excerpt":{"rendered":"<p>Dane firmy : PHU Autodrom4x4\u00ae Roman Wasik W\u0142o\u015bciejewki 22 63-130 Ksi\u0105\u017c Wielkopolski NIP : 785-120-83-13 email: info@autodrom4x4.pl Adres: W\u0142o\u015bciejewki 22, 63-130 Ksi\u0105\u017c Wielkopolski Organizacja szkole\u0144, prezentacji i spotka\u0144 integracyjnych. Roman Wasik 500 595 660 email: romanwasik@autodrom4x4.pl Rezerwacje jazd indywidualnych i sprzeda\u017c prezent\u00f3w 4&#215;4. Marzena Wasik 500 595 661 email: naprezent@autodrom4x4.pl<\/p>\n","protected":false},"author":2,"featured_media":0,"parent":0,"menu_order":0,"comment_status":"closed","ping_status":"closed","template":"","meta":{"footnotes":""},"class_list":["post-3285","page","type-page","status-publish","hentry"],"_links":{"self":[{"href":"https:\/\/autodrom4x4.pl\/offroad\/wp-json\/wp\/v2\/pages\/3285"}],"collection":[{"href":"https:\/\/autodrom4x4.pl\/offroad\/wp-json\/wp\/v2\/pages"}],"about":[{"href":"https:\/\/autodrom4x4.pl\/offroad\/wp-json\/wp\/v2\/types\/page"}],"author":[{"embeddable":true,"href":"https:\/\/autodrom4x4.pl\/offroad\/wp-json\/wp\/v2\/users\/2"}],"replies":[{"embeddable":true,"href":"https:\/\/autodrom4x4.pl\/offroad\/wp-json\/wp\/v2\/comments?post=3285"}],"version-history":[{"count":33,"href":"https:\/\/autodrom4x4.pl\/offroad\/wp-json\/wp\/v2\/pages\/3285\/revisions"}],"predecessor-version":[{"id":3746,"href":"https:\/\/autodrom4x4.pl\/offroad\/wp-json\/wp\/v2\/pages\/3285\/revisions\/3746"}],"wp:attachment":[{"href":"https:\/\/autodrom4x4.pl\/offroad\/wp-json\/wp\/v2\/media?parent=3285"}],"curies":[{"name":"wp","href":"https:\/\/api.w.org\/{rel}","templated":true}]}}