{"id":3534,"date":"2021-02-01T12:55:23","date_gmt":"2021-02-01T11:55:23","guid":{"rendered":"https:\/\/autodrom.lovetty.ovh\/offroad\/?page_id=3534"},"modified":"2021-02-01T16:21:03","modified_gmt":"2021-02-01T15:21:03","slug":"szkolenia-4x4","status":"publish","type":"page","link":"https:\/\/autodrom4x4.pl\/offroad\/szkolenia-4x4\/","title":{"rendered":"Szkolenia 4&#215;4"},"content":{"rendered":"<div class=\"wp-block-columns is-layout-flex wp-container-core-columns-is-layout-1 wp-block-columns-is-layout-flex\"><div class=\"wp-block-column is-layout-flow wp-block-column-is-layout-flow\" style=\"flex-basis:66.66%\"><p class=\"has-medium-font-size\" id=\"u9585-2\">Szkolenie w zakresie korzystania z samochod\u00f3w z nap\u0119dem 4&#215;4<br>w terenie<\/p>\n\n<p>Szkolenie odbywa si\u0119 na terenie Centrum Szkoleniowo Treningowego&nbsp; Autodrom 4&#215;4. Obiekt ten obejmuje tor off road o powierzchni 8 ha i zaadoptowan\u0105 na potrzeby szkoleniowe nieczynn\u0105&nbsp; kopalni\u0119 \u017cwiru o powierzchni 6 ha co&nbsp; jest w pe\u0142nym&nbsp; odzwierciedlenie trudnych rzeczywistych&nbsp; warunk\u00f3w terenowych jakie spotykaj\u0105 u\u017cytkownicy pojazd\u00f3w terenowych na co dzie\u0144. Obydwa o\u015brodki przeznaczone wy\u0142\u0105cznie potrzeby szkoleniowe.<\/p>\n\n<p>Szkolenia s\u0105&nbsp; przeprowadzone przez wykwalifikowanych instruktor\u00f3w off road z wieloletnim do\u015bwiadczeniem, przy wsp\u00f3\u0142pracy z cz\u0142onkiem Poland National Team, wielokrotnym uczestnikiem&nbsp; Rajdu Dakar panem Grzegorzem Baranem.<\/p>\n\n<p id=\"u9620-2\">W szkoleniu wykorzystujemy&nbsp; sprz\u0119t i pojazdy firmy Autodrom 4&#215;4. Istnieje&nbsp; mo\u017cliwo\u015b\u0107 w\u0142\u0105czenia do programu szkolenia samochod\u00f3w Marek samochod\u00f3w wskazanych przez Naszego Klienta.<\/p>\n\n<p id=\"u9620-5\"><strong>Kurs sk\u0142ada si\u0119 z 1 h godziny szkolenia teoretycznego oraz 7 h godzin \u0107wicze\u0144 w terenie.<\/strong><\/p><\/div>\n\n<div class=\"wp-block-column is-layout-flow wp-block-column-is-layout-flow\" style=\"flex-basis:33.33%\"><figure class=\"wp-block-embed is-type-video is-provider-youtube wp-block-embed-youtube wp-embed-aspect-16-9 wp-has-aspect-ratio\"><div class=\"wp-block-embed__wrapper\">\n<iframe loading=\"lazy\" title=\"Szkolenie Enea Operator 2015\" width=\"500\" height=\"281\" src=\"https:\/\/www.youtube.com\/embed\/Izhpk3t4xXU?feature=oembed\" frameborder=\"0\" allow=\"accelerometer; autoplay; clipboard-write; encrypted-media; gyroscope; picture-in-picture; web-share\" referrerpolicy=\"strict-origin-when-cross-origin\" allowfullscreen><\/iframe>\n<\/div><\/figure><\/div><\/div><div class=\"wp-block-columns is-layout-flex wp-container-core-columns-is-layout-2 wp-block-columns-is-layout-flex\"><div class=\"wp-block-column is-layout-flow wp-block-column-is-layout-flow\" style=\"flex-basis:66.66%\"><p id=\"u9600-4\"><strong>Szkolenie w zakresie korzystania z samochod\u00f3w z nap\u0119dem 4&#215;4 w terenie.<\/strong><\/p>\n\n<p>Zagadnienia programowe :<\/p>\n\n<ul class=\"wp-block-list\"><li>charakterystyka samochodu terenowego<\/li><li>ocena&nbsp;mo\u017cliwo\u015bci pojazdu i umiej\u0119tno\u015bci w\u0142asnych&nbsp;przed&nbsp;rozpocz\u0119ciem jazdy terenowej<\/li><li>odpowiednie wyposa\u017cenie dodatkowe<\/li><li>r\u00f3\u017cnice samochod\u00f3w z nap\u0119dem&nbsp;4&#215;4 sta\u0142ym i do\u0142\u0105czanym<\/li><li>w\u0142\u0105czanie i zastosowanie nap\u0119du&nbsp;4&#215;4 w samochodzie terenowym<\/li><li>wykorzystanie skrzyni redukcyjnej w je\u017adzie terenowej<\/li><li>zastosowanie blokady mechanizmu r\u00f3\u017cnicowego<\/li><li>korzystanie ze zmiennego ci\u015bnienia w oponach w je\u017adzie terenowej<\/li><li>technika zjazdu<\/li><li>technika podjazdu<\/li><li>pokonywanie wzniesie\u0144 bocznych- trawers\u00f3w<\/li><li>koleiny w terenie<\/li><li>pokonywanie przeszk\u00f3d wodnych<\/li><li>pokonywanie teren\u00f3w podmok\u0142ych, bagnistych<\/li><li>wykorzystanie liny kinetycznej<\/li><li>eksploatacja&nbsp;wyci\u0105garki<\/li><li>u\u017cywanie zblocza<\/li><li>wykorzystanie wyposa\u017cenia dodatkowego- tirfor,&nbsp;hi -lift, air-jack, trapy, kotwice pasowe, inne<\/li><li>zachowanie w sytuacjach kryzysowych<\/li><li>wsp\u00f3\u0142praca mi\u0119dzy pojazdami<\/li><\/ul><\/div>\n\n<div class=\"wp-block-column is-layout-flow wp-block-column-is-layout-flow\" style=\"flex-basis:33.33%\"><p id=\"u9601-2\">Terminy Szkole\u0144 uzgadniamy indywidualnie .<\/p>\n\n<p id=\"u9601-5\">Ka\u017cdy program naszego szkolenia mo\u017ce zosta\u0107 zmodyfikowany i ukierunkowany zgodnie z sugestiami Naszych Klient\u00f3w, ich potrzebami oraz rodzajem\u00a0 pojazd\u00f3w.<\/p>\n\n<p id=\"u9601-8\"><strong>Istnieje mo\u017cliwo\u015b\u0107 podniesienia poziomu trudno\u015bci szkolenia, rozszerzenia do programu dwudniowego lub o jazd\u0119 w terenie samochodem ci\u0119\u017carowym.<\/strong><\/p><\/div><\/div><p id=\"u9600-6\"><\/p>","protected":false},"excerpt":{"rendered":"<p>Szkolenie w zakresie korzystania z samochod\u00f3w z nap\u0119dem 4&#215;4w terenie Szkolenie odbywa si\u0119 na terenie Centrum Szkoleniowo Treningowego&nbsp; Autodrom 4&#215;4. Obiekt ten obejmuje tor off road o powierzchni 8 ha i zaadoptowan\u0105 na potrzeby szkoleniowe nieczynn\u0105&nbsp; kopalni\u0119 \u017cwiru o powierzchni 6 ha co&nbsp; jest w pe\u0142nym&nbsp; odzwierciedlenie trudnych rzeczywistych&nbsp; warunk\u00f3w terenowych jakie spotykaj\u0105 u\u017cytkownicy pojazd\u00f3w [&hellip;]<\/p>\n","protected":false},"author":2,"featured_media":0,"parent":0,"menu_order":0,"comment_status":"closed","ping_status":"closed","template":"","meta":{"footnotes":""},"class_list":["post-3534","page","type-page","status-publish","hentry"],"_links":{"self":[{"href":"https:\/\/autodrom4x4.pl\/offroad\/wp-json\/wp\/v2\/pages\/3534"}],"collection":[{"href":"https:\/\/autodrom4x4.pl\/offroad\/wp-json\/wp\/v2\/pages"}],"about":[{"href":"https:\/\/autodrom4x4.pl\/offroad\/wp-json\/wp\/v2\/types\/page"}],"author":[{"embeddable":true,"href":"https:\/\/autodrom4x4.pl\/offroad\/wp-json\/wp\/v2\/users\/2"}],"replies":[{"embeddable":true,"href":"https:\/\/autodrom4x4.pl\/offroad\/wp-json\/wp\/v2\/comments?post=3534"}],"version-history":[{"count":7,"href":"https:\/\/autodrom4x4.pl\/offroad\/wp-json\/wp\/v2\/pages\/3534\/revisions"}],"predecessor-version":[{"id":3631,"href":"https:\/\/autodrom4x4.pl\/offroad\/wp-json\/wp\/v2\/pages\/3534\/revisions\/3631"}],"wp:attachment":[{"href":"https:\/\/autodrom4x4.pl\/offroad\/wp-json\/wp\/v2\/media?parent=3534"}],"curies":[{"name":"wp","href":"https:\/\/api.w.org\/{rel}","templated":true}]}}