{"id":3536,"date":"2021-02-01T12:57:27","date_gmt":"2021-02-01T11:57:27","guid":{"rendered":"https:\/\/autodrom.lovetty.ovh\/offroad\/?page_id=3536"},"modified":"2021-02-01T16:13:06","modified_gmt":"2021-02-01T15:13:06","slug":"szkolenia-jazdy-w-terenie","status":"publish","type":"page","link":"https:\/\/autodrom4x4.pl\/offroad\/szkolenia-jazdy-w-terenie\/","title":{"rendered":"Szkolenia jazdy w terenie"},"content":{"rendered":"<div class=\"wp-block-columns is-layout-flex wp-container-core-columns-is-layout-1 wp-block-columns-is-layout-flex\"><div class=\"wp-block-column is-layout-flow wp-block-column-is-layout-flow\" style=\"flex-basis:66.66%\"><p class=\"has-medium-font-size\" id=\"u1975-2\">Naucz si\u0119 je\u017adzi\u0107 jak mistrz<\/p>\n\n<p>Chcesz nauczy\u0107 si\u0119 je\u017adzi\u0107 w terenie? A mo\u017ce szukasz doskona\u0142ej okazji <a href=\"https:\/\/autodrom.lovetty.ovh\/offroad\/na-prezent\/\" data-type=\"page\" data-id=\"3261\">na prezent<\/a>? <\/p>\n\n<p>Zafunduj sobie lub komu\u015b bliskiemu szkolenia z jazdy w terenie. Kupuj\u0105c dla siebie spe\u0142niaj swoje marzenia, kupuj\u0105c komu\u015b bliskiemu sprawiaj frajd\u0119 osobie, kt\u00f3ra lubisz lub kochasz.<\/p>\n\n<p> Szkolenia z jazdy w terenie to doskona\u0142a okazja do nabycia nowych umiej\u0119tno\u015bci, niesamowitych prze\u017cy\u0107, du\u017cej dawki adrenaliny i wspomnie\u0144 na ca\u0142e \u017cycie.<\/p><\/div>\n\n<div class=\"wp-block-column is-layout-flow wp-block-column-is-layout-flow\" style=\"flex-basis:33.33%\"><figure class=\"wp-block-embed is-type-video is-provider-youtube wp-block-embed-youtube wp-embed-aspect-16-9 wp-has-aspect-ratio\"><div class=\"wp-block-embed__wrapper\">\n<iframe loading=\"lazy\" title=\"Szkolenie Toyota 4x4\" width=\"500\" height=\"281\" src=\"https:\/\/www.youtube.com\/embed\/0k7qnoCovY8?feature=oembed\" frameborder=\"0\" allow=\"accelerometer; autoplay; clipboard-write; encrypted-media; gyroscope; picture-in-picture; web-share\" referrerpolicy=\"strict-origin-when-cross-origin\" allowfullscreen><\/iframe>\n<\/div><\/figure><\/div><\/div><div class=\"wp-block-buttons is-layout-flex wp-block-buttons-is-layout-flex\"><div class=\"wp-block-button\"><a class=\"wp-block-button__link has-background\" href=\"https:\/\/autodrom.lovetty.ovh\/offroad\/na-prezent\/\" style=\"background-color:#a1bf36\">Zobacz oferty NA PREZENT<\/a><\/div><\/div><div style=\"height:59px\" aria-hidden=\"true\" class=\"wp-block-spacer\"><\/div><div class=\"wp-block-columns is-layout-flex wp-container-core-columns-is-layout-2 wp-block-columns-is-layout-flex\"><div class=\"wp-block-column is-layout-flow wp-block-column-is-layout-flow\"><figure class=\"wp-block-image size-large is-style-default\"><img loading=\"lazy\" decoding=\"async\" width=\"280\" height=\"190\" src=\"https:\/\/autodrom.lovetty.ovh\/offroad\/wp-content\/uploads\/2021\/02\/i1.jpg\" alt=\"\" class=\"wp-image-3491\" srcset=\"https:\/\/autodrom4x4.pl\/offroad\/wp-content\/uploads\/2021\/02\/i1.jpg 280w, https:\/\/autodrom4x4.pl\/offroad\/wp-content\/uploads\/2021\/02\/i1-64x43.jpg 64w\" sizes=\"(max-width: 280px) 100vw, 280px\" \/><figcaption><br>Na Autodromie 4&#215;4 prowadzimy praktyczne i teoretyczne szkolenia z jazdy w terenie obejmuj\u0105ce komplet zagadnie\u0144 zwi\u0105zanych z poruszaniem si\u0119 w terenie, w\u0142a\u015bciwym wykorzystaniem nap\u0119d\u00f3w i obs\u0142ug\u0105 pojazd\u00f3w 4&#215;4. <br><br>Oferta jest adresowana do os\u00f3b prywatnych, klub\u00f3w i stowarzysze\u0144, chc\u0105cych podnie\u015b\u0107 umiej\u0119tno\u015bci maksymalnego wykorzystania mo\u017cliwo\u015bci w\u0142asnych pojazd\u00f3w w terenie.<\/figcaption><\/figure><\/div>\n\n<div class=\"wp-block-column is-layout-flow wp-block-column-is-layout-flow\"><figure class=\"wp-block-image size-large is-style-default\"><img loading=\"lazy\" decoding=\"async\" width=\"280\" height=\"190\" src=\"https:\/\/autodrom.lovetty.ovh\/offroad\/wp-content\/uploads\/2021\/02\/i2.jpg\" alt=\"\" class=\"wp-image-3492\" srcset=\"https:\/\/autodrom4x4.pl\/offroad\/wp-content\/uploads\/2021\/02\/i2.jpg 280w, https:\/\/autodrom4x4.pl\/offroad\/wp-content\/uploads\/2021\/02\/i2-64x43.jpg 64w\" sizes=\"(max-width: 280px) 100vw, 280px\" \/><figcaption><br>Nasz program szkoleniowy skierowany dla os\u00f3b indywidualnych pozwala na zdobycie umiej\u0119tno\u015bci niezb\u0119dnych do bezpiecznego i prawid\u0142owego poruszania si\u0119 w terenie. <br><br>Szkolenia z jazdy w terenie przeprowadzamy z wykorzystaniem w\u0142asnych pojazd\u00f3w lub samochod\u00f3w\u00a0 uczestnik\u00f3w.<\/figcaption><\/figure><\/div>\n\n<div class=\"wp-block-column is-layout-flow wp-block-column-is-layout-flow\"><figure class=\"wp-block-image size-large is-style-default\"><a href=\"https:\/\/autodrom.lovetty.ovh\/offroad\/wp-content\/uploads\/2021\/02\/i3.jpg\"><img loading=\"lazy\" decoding=\"async\" width=\"280\" height=\"190\" src=\"https:\/\/autodrom.lovetty.ovh\/offroad\/wp-content\/uploads\/2021\/02\/i3.jpg\" alt=\"\" class=\"wp-image-3493\" srcset=\"https:\/\/autodrom4x4.pl\/offroad\/wp-content\/uploads\/2021\/02\/i3.jpg 280w, https:\/\/autodrom4x4.pl\/offroad\/wp-content\/uploads\/2021\/02\/i3-64x43.jpg 64w\" sizes=\"(max-width: 280px) 100vw, 280px\" \/><\/a><figcaption><br>Dlaczego warto zainwestowa\u0107 w szkolenie z jazdy w terenie?<br>\u00a0<br>&#8211; Zwi\u0119kszasz bezpiecze\u0144stwo swoje i najbli\u017cszych,<br>&#8211; Zmniejszasz koszty eksploatacyjne pojazd\u00f3w,<br>&#8211; Nabywasz nowe umiej\u0119tno\u015bci.<\/figcaption><\/figure><\/div><\/div>","protected":false},"excerpt":{"rendered":"<p>Naucz si\u0119 je\u017adzi\u0107 jak mistrz Chcesz nauczy\u0107 si\u0119 je\u017adzi\u0107 w terenie? A mo\u017ce szukasz doskona\u0142ej okazji na prezent? Zafunduj sobie lub komu\u015b bliskiemu szkolenia z jazdy w terenie. Kupuj\u0105c dla siebie spe\u0142niaj swoje marzenia, kupuj\u0105c komu\u015b bliskiemu sprawiaj frajd\u0119 osobie, kt\u00f3ra lubisz lub kochasz. Szkolenia z jazdy w terenie to doskona\u0142a okazja do nabycia nowych [&hellip;]<\/p>\n","protected":false},"author":2,"featured_media":0,"parent":0,"menu_order":0,"comment_status":"closed","ping_status":"closed","template":"","meta":{"footnotes":""},"class_list":["post-3536","page","type-page","status-publish","hentry"],"_links":{"self":[{"href":"https:\/\/autodrom4x4.pl\/offroad\/wp-json\/wp\/v2\/pages\/3536"}],"collection":[{"href":"https:\/\/autodrom4x4.pl\/offroad\/wp-json\/wp\/v2\/pages"}],"about":[{"href":"https:\/\/autodrom4x4.pl\/offroad\/wp-json\/wp\/v2\/types\/page"}],"author":[{"embeddable":true,"href":"https:\/\/autodrom4x4.pl\/offroad\/wp-json\/wp\/v2\/users\/2"}],"replies":[{"embeddable":true,"href":"https:\/\/autodrom4x4.pl\/offroad\/wp-json\/wp\/v2\/comments?post=3536"}],"version-history":[{"count":11,"href":"https:\/\/autodrom4x4.pl\/offroad\/wp-json\/wp\/v2\/pages\/3536\/revisions"}],"predecessor-version":[{"id":3626,"href":"https:\/\/autodrom4x4.pl\/offroad\/wp-json\/wp\/v2\/pages\/3536\/revisions\/3626"}],"wp:attachment":[{"href":"https:\/\/autodrom4x4.pl\/offroad\/wp-json\/wp\/v2\/media?parent=3536"}],"curies":[{"name":"wp","href":"https:\/\/api.w.org\/{rel}","templated":true}]}}