{"id":3540,"date":"2021-02-01T13:32:06","date_gmt":"2021-02-01T12:32:06","guid":{"rendered":"https:\/\/autodrom.lovetty.ovh\/offroad\/?page_id=3540"},"modified":"2021-02-01T16:22:28","modified_gmt":"2021-02-01T15:22:28","slug":"szkolenia-quad-w-terenie","status":"publish","type":"page","link":"https:\/\/autodrom4x4.pl\/offroad\/szkolenia-quad-w-terenie\/","title":{"rendered":"Szkolenia quad w terenie"},"content":{"rendered":"<div class=\"wp-block-columns is-layout-flex wp-container-core-columns-is-layout-1 wp-block-columns-is-layout-flex\"><div class=\"wp-block-column is-layout-flow wp-block-column-is-layout-flow\" style=\"flex-basis:66.66%\"><p class=\"has-medium-font-size\" id=\"u9715-2\">Szkolenie w zakresie korzystania z pojazd\u00f3w typu quad w terenie<\/p>\n\n<p>Zaj\u0119cia odbywaj\u0105 si\u0119 na terenie o\u015brodka szkoleniowo- treningowego Autodrom 4&#215;4. Obiekt ten obejmuje tor off road o powierzchni 8 ha oraz&nbsp; zaadoptowan\u0105 na potrzeby szkoleniowe nieczynn\u0105&nbsp; kopalni\u0119 \u017cwiru o powierzchni 6 ha co&nbsp; jest w pe\u0142nym&nbsp; odzwierciedleniem&nbsp; trudnych rzeczywistych&nbsp; warunk\u00f3w terenowych jakie spotykaj\u0105 u\u017cytkownicy pojazd\u00f3w typu quad w terenie.<\/p><\/div>\n\n<div class=\"wp-block-column is-layout-flow wp-block-column-is-layout-flow\" style=\"flex-basis:33.33%\"><figure class=\"wp-block-image size-large is-style-default\"><a href=\"https:\/\/autodrom.lovetty.ovh\/offroad\/wp-content\/uploads\/2021\/02\/quad.jpg\"><img loading=\"lazy\" decoding=\"async\" width=\"400\" height=\"269\" src=\"https:\/\/autodrom.lovetty.ovh\/offroad\/wp-content\/uploads\/2021\/02\/quad.jpg\" alt=\"\" class=\"wp-image-3547\" srcset=\"https:\/\/autodrom4x4.pl\/offroad\/wp-content\/uploads\/2021\/02\/quad.jpg 400w, https:\/\/autodrom4x4.pl\/offroad\/wp-content\/uploads\/2021\/02\/quad-300x202.jpg 300w, https:\/\/autodrom4x4.pl\/offroad\/wp-content\/uploads\/2021\/02\/quad-350x235.jpg 350w, https:\/\/autodrom4x4.pl\/offroad\/wp-content\/uploads\/2021\/02\/quad-64x43.jpg 64w\" sizes=\"(max-width: 400px) 100vw, 400px\" \/><\/a><\/figure><\/div><\/div><div class=\"wp-block-columns is-layout-flex wp-container-core-columns-is-layout-2 wp-block-columns-is-layout-flex\"><div class=\"wp-block-column is-layout-flow wp-block-column-is-layout-flow\" style=\"flex-basis:66.66%\"><p><strong>Program szkolenia:<\/strong><br><\/p>\n\n<p>Cz\u0119\u015b\u0107 teoretyczna -1h<\/p>\n\n<ul class=\"wp-block-list\"><li>wyk\u0142ad<\/li><li>prezentacja<\/li><\/ul>\n\n<p>Cz\u0119\u015b\u0107 teoretyczno-praktyczna-1 h<\/p>\n\n<ul class=\"wp-block-list\"><li>ubi\u00f3r<\/li><li>ochrona je\u017ad\u017aca<\/li><li>om\u00f3wienie og\u00f3lne budowy quada<\/li><li>niezb\u0119dne wyposa\u017cenie dodatkowe<\/li><li>prawid\u0142owa pozycja je\u017ad\u017aca.<\/li><\/ul>\n\n<p>Trening w terenie-5 h<\/p>\n\n<ul class=\"wp-block-list\"><li>zasady zachowania si\u0119 pojazdu na zakr\u0119tach, podjazdach, zjazdach, trawersach<\/li><li>balans cia\u0142em<\/li><li>prawid\u0142owe w\u0142\u0105czanie i u\u017cywanie nap\u0119du 4&#215;4, reduktora, blokady<\/li><li>pokonywania zjazd\u00f3w<\/li><li>pokonywanie podjazd\u00f3w<\/li><li>pokonywania trawers\u00f3w<\/li><li>pokonywanie przeszk\u00f3d wodnych<\/li><li>zasady u\u017cywania wyci\u0105garek , pas\u00f3w, zbloczy<\/li><\/ul><\/div>\n\n<div class=\"wp-block-column is-layout-flow wp-block-column-is-layout-flow\" style=\"flex-basis:33.33%\"><p id=\"u9661-2\">Uczestnicy podczas szkolenia korzystaj\u0105 z w\u0142asnych pojazd\u00f3w oraz wyposa\u017cenia.<\/p>\n\n<p id=\"u9661-4\">Istnieje mo\u017cliwo\u015b\u0107 zapewnienia quad\u00f3w dla uczestnik\u00f3w szkolenia nie posiadaj\u0105cych w\u0142asnych pojazd\u00f3w.<\/p>\n\n<p id=\"u9661-7\"><strong>ISTNIEJE MO\u017bLIWO\u015a\u0106 PRZYGOTOWANIA II ETAPU SZKOLENIA\u00a0 SZKOLENIA W\u00a0 ZAKRESIE POSZERZONYM<\/strong><\/p>\n\n<p id=\"u9661-10\">Terminy szkole\u0144 uzgadniamy indywidualnie.<\/p><\/div><\/div>","protected":false},"excerpt":{"rendered":"<p>Szkolenie w zakresie korzystania z pojazd\u00f3w typu quad w terenie Zaj\u0119cia odbywaj\u0105 si\u0119 na terenie o\u015brodka szkoleniowo- treningowego Autodrom 4&#215;4. Obiekt ten obejmuje tor off road o powierzchni 8 ha oraz&nbsp; zaadoptowan\u0105 na potrzeby szkoleniowe nieczynn\u0105&nbsp; kopalni\u0119 \u017cwiru o powierzchni 6 ha co&nbsp; jest w pe\u0142nym&nbsp; odzwierciedleniem&nbsp; trudnych rzeczywistych&nbsp; warunk\u00f3w terenowych jakie spotykaj\u0105 u\u017cytkownicy pojazd\u00f3w [&hellip;]<\/p>\n","protected":false},"author":2,"featured_media":0,"parent":0,"menu_order":0,"comment_status":"closed","ping_status":"closed","template":"","meta":{"footnotes":""},"class_list":["post-3540","page","type-page","status-publish","hentry"],"_links":{"self":[{"href":"https:\/\/autodrom4x4.pl\/offroad\/wp-json\/wp\/v2\/pages\/3540"}],"collection":[{"href":"https:\/\/autodrom4x4.pl\/offroad\/wp-json\/wp\/v2\/pages"}],"about":[{"href":"https:\/\/autodrom4x4.pl\/offroad\/wp-json\/wp\/v2\/types\/page"}],"author":[{"embeddable":true,"href":"https:\/\/autodrom4x4.pl\/offroad\/wp-json\/wp\/v2\/users\/2"}],"replies":[{"embeddable":true,"href":"https:\/\/autodrom4x4.pl\/offroad\/wp-json\/wp\/v2\/comments?post=3540"}],"version-history":[{"count":2,"href":"https:\/\/autodrom4x4.pl\/offroad\/wp-json\/wp\/v2\/pages\/3540\/revisions"}],"predecessor-version":[{"id":3632,"href":"https:\/\/autodrom4x4.pl\/offroad\/wp-json\/wp\/v2\/pages\/3540\/revisions\/3632"}],"wp:attachment":[{"href":"https:\/\/autodrom4x4.pl\/offroad\/wp-json\/wp\/v2\/media?parent=3540"}],"curies":[{"name":"wp","href":"https:\/\/api.w.org\/{rel}","templated":true}]}}