{"id":3549,"date":"2021-02-01T13:34:07","date_gmt":"2021-02-01T12:34:07","guid":{"rendered":"https:\/\/autodrom.lovetty.ovh\/offroad\/?page_id=3549"},"modified":"2021-02-01T23:10:16","modified_gmt":"2021-02-01T22:10:16","slug":"szkolenia-indywidualne-4x4","status":"publish","type":"page","link":"https:\/\/autodrom4x4.pl\/offroad\/szkolenia-indywidualne-4x4\/","title":{"rendered":"Szkolenia indywidualne 4&#215;4"},"content":{"rendered":"<div class=\"wp-block-columns is-layout-flex wp-container-core-columns-is-layout-1 wp-block-columns-is-layout-flex\"><div class=\"wp-block-column is-layout-flow wp-block-column-is-layout-flow\" style=\"flex-basis:66.66%\"><p id=\"u9878-2\">Indywidualny, pocz\u0105tkowy trening jazdy w terenie<\/p>\n\n<p>Przedstawiamy&nbsp; program szkolenia&nbsp; dla os\u00f3b kt\u00f3re u\u017cytkuj\u0105 samoch\u00f3d&nbsp; zap\u0119dem 4&#215;4 , jednak chcieli by pozna\u0107 jego prawdziwe mo\u017cliwo\u015bci, zalety oraz ograniczenia. Dzi\u0119ki wieloletniej wsp\u00f3\u0142pracy z importerami wi\u0119kszo\u015bci marek samochodowych&nbsp; znajduj\u0105cych si\u0119 na naszym rynku&nbsp; doskonale znamy wszystkie pojazdy z nap\u0119dem 4&#215;4 zar\u00f3wno sta\u0142ym jak i do\u0142\u0105czanym.<\/p>\n\n<p>Zobacz te\u017c szkolenia dla samochod\u00f3w 4&#215;4 w terenie <\/p><\/div>\n\n<div class=\"wp-block-column is-layout-flow wp-block-column-is-layout-flow\" style=\"flex-basis:33.33%\"><figure class=\"wp-block-image size-large is-resized is-style-default\"><a href=\"https:\/\/autodrom.lovetty.ovh\/offroad\/wp-content\/uploads\/2021\/02\/toyota-szkolenie-u9811-fr.jpg\"><img loading=\"lazy\" decoding=\"async\" src=\"https:\/\/autodrom.lovetty.ovh\/offroad\/wp-content\/uploads\/2021\/02\/toyota-szkolenie-u9811-fr.jpg\" alt=\"\" class=\"wp-image-3530\" width=\"285\" height=\"190\" srcset=\"https:\/\/autodrom4x4.pl\/offroad\/wp-content\/uploads\/2021\/02\/toyota-szkolenie-u9811-fr.jpg 285w, https:\/\/autodrom4x4.pl\/offroad\/wp-content\/uploads\/2021\/02\/toyota-szkolenie-u9811-fr-64x43.jpg 64w\" sizes=\"(max-width: 285px) 100vw, 285px\" \/><\/a><\/figure><\/div><\/div><div class=\"wp-block-columns is-layout-flex wp-container-core-columns-is-layout-2 wp-block-columns-is-layout-flex\"><div class=\"wp-block-column is-layout-flow wp-block-column-is-layout-flow\" style=\"flex-basis:66.66%\"><p id=\"u9866-2\">Poni\u017cszy program tylko w niewielkim zakresie nawi\u0105zuje do szkolenia jazdy w terenie, g\u0142ownie ma na celu przybli\u017cenie u\u017cytkownikowi codzienne mo\u017cliwo\u015bci samochodu z nap\u0119dem 4&#215;4 oraz pe\u0142ne wykorzystanie system\u00f3w wspomagaj\u0105cych jazd\u0119 w terenie.<\/p>\n\n<p id=\"u9866-5\"><strong>Zagadnienia programowe:<\/strong><\/p>\n\n<ul class=\"wp-block-list\"><li>charakterystyka mojego samochodu<\/li><li>ocena mo\u017cliwo\u015bci pojazdu i umiej\u0119tno\u015bci w\u0142asnych przed rozpocz\u0119ciem jazdy terenowej<\/li><li>zasada dzia\u0142ania nap\u0119d\u00f3w w moim samochodzie<\/li><li>wykorzystanie system\u00f3w elektronicznych wspomagaj\u0105cych jazd\u0119 terenow\u0105 technika zjazdu<\/li><li>technika pokonywania wzniesie\u0144<\/li><\/ul><\/div>\n\n<div class=\"wp-block-column is-layout-flow wp-block-column-is-layout-flow\" style=\"flex-basis:33.33%\"><p>Szkolenie z wykorzystaniem wskazanego pojazdu. System szkolenia jeden kursant-jeden instruktor.<br><br><strong>Czas szkolenia 4 h.<br>Koszt 350 z\u0142\/netto osoba.<br><br>Terminy Szkole\u0144 uzgadniamy indywidualnie .<\/strong><\/p>\n\n<p>Ka\u017cdy program naszego szkolenia mo\u017ce zosta\u0107 zmodyfikowany i ukierunkowany zgodnie z sugestiami Naszych Klient\u00f3w, ich potrzebami oraz rodzajem pojazd\u00f3w.<\/p><\/div><\/div><div style=\"height:22px\" aria-hidden=\"true\" class=\"wp-block-spacer\"><\/div><div class=\"wp-block-buttons is-layout-flex wp-block-buttons-is-layout-flex\"><div class=\"wp-block-button\"><a class=\"wp-block-button__link has-background no-border-radius\" href=\"\/offroad\/kategoria-produktu\/szkolenia\/\" style=\"background-color:#a1bf36\">Sprawd\u017a te\u017c ofert\u0119 SZKOLENIA OFF-ROAD w naszym sklepie<\/a><\/div><\/div>","protected":false},"excerpt":{"rendered":"<p>Indywidualny, pocz\u0105tkowy trening jazdy w terenie Przedstawiamy&nbsp; program szkolenia&nbsp; dla os\u00f3b kt\u00f3re u\u017cytkuj\u0105 samoch\u00f3d&nbsp; zap\u0119dem 4&#215;4 , jednak chcieli by pozna\u0107 jego prawdziwe mo\u017cliwo\u015bci, zalety oraz ograniczenia. Dzi\u0119ki wieloletniej wsp\u00f3\u0142pracy z importerami wi\u0119kszo\u015bci marek samochodowych&nbsp; znajduj\u0105cych si\u0119 na naszym rynku&nbsp; doskonale znamy wszystkie pojazdy z nap\u0119dem 4&#215;4 zar\u00f3wno sta\u0142ym jak i do\u0142\u0105czanym. Zobacz te\u017c szkolenia [&hellip;]<\/p>\n","protected":false},"author":2,"featured_media":0,"parent":0,"menu_order":0,"comment_status":"closed","ping_status":"closed","template":"","meta":{"footnotes":""},"class_list":["post-3549","page","type-page","status-publish","hentry"],"_links":{"self":[{"href":"https:\/\/autodrom4x4.pl\/offroad\/wp-json\/wp\/v2\/pages\/3549"}],"collection":[{"href":"https:\/\/autodrom4x4.pl\/offroad\/wp-json\/wp\/v2\/pages"}],"about":[{"href":"https:\/\/autodrom4x4.pl\/offroad\/wp-json\/wp\/v2\/types\/page"}],"author":[{"embeddable":true,"href":"https:\/\/autodrom4x4.pl\/offroad\/wp-json\/wp\/v2\/users\/2"}],"replies":[{"embeddable":true,"href":"https:\/\/autodrom4x4.pl\/offroad\/wp-json\/wp\/v2\/comments?post=3549"}],"version-history":[{"count":8,"href":"https:\/\/autodrom4x4.pl\/offroad\/wp-json\/wp\/v2\/pages\/3549\/revisions"}],"predecessor-version":[{"id":3731,"href":"https:\/\/autodrom4x4.pl\/offroad\/wp-json\/wp\/v2\/pages\/3549\/revisions\/3731"}],"wp:attachment":[{"href":"https:\/\/autodrom4x4.pl\/offroad\/wp-json\/wp\/v2\/media?parent=3549"}],"curies":[{"name":"wp","href":"https:\/\/api.w.org\/{rel}","templated":true}]}}