{"id":3553,"date":"2021-02-01T13:42:29","date_gmt":"2021-02-01T12:42:29","guid":{"rendered":"https:\/\/autodrom.lovetty.ovh\/offroad\/?page_id=3553"},"modified":"2021-02-02T17:56:00","modified_gmt":"2021-02-02T16:56:00","slug":"oferta","status":"publish","type":"page","link":"https:\/\/autodrom4x4.pl\/offroad\/oferta\/","title":{"rendered":"Oferta"},"content":{"rendered":"<div class=\"wp-block-columns is-layout-flex wp-container-core-columns-is-layout-1 wp-block-columns-is-layout-flex\"><div class=\"wp-block-column is-layout-flow wp-block-column-is-layout-flow\"><figure class=\"wp-block-image size-large is-style-default\"><a href=\"\/offroad\/prezentacje-pojazdow\/\"><img loading=\"lazy\" decoding=\"async\" width=\"280\" height=\"190\" src=\"https:\/\/autodrom.lovetty.ovh\/offroad\/wp-content\/uploads\/2021\/02\/vw.jpg\" alt=\"\" class=\"wp-image-3532\" srcset=\"https:\/\/autodrom4x4.pl\/offroad\/wp-content\/uploads\/2021\/02\/vw.jpg 280w, https:\/\/autodrom4x4.pl\/offroad\/wp-content\/uploads\/2021\/02\/vw-64x43.jpg 64w\" sizes=\"(max-width: 280px) 100vw, 280px\" \/><\/a><figcaption><a href=\"\/offroad\/prezentacje-pojazdow\/\" data-type=\"page\">PREZENTACJE\u00a0AUT SUV, 4&#215;4,  POJAZD\u00d3W SPECJALNYCH i MASZYN<\/a><br><br>Autodrom 4&#215;4 to najlepsze miejsce do zaprezentowania mo\u017cliwo\u015bci nowego modelu auta z nap\u0119dem na wszystkie ko\u0142a mediom i publiczno\u015bci w naturalnych warunkach na legalnym torze off-road.<\/figcaption><\/figure><\/div>\n\n<div class=\"wp-block-column is-layout-flow wp-block-column-is-layout-flow\"><figure class=\"wp-block-image size-large is-style-default\"><a href=\"\/offroad\/szkolenia-produktowe\/\"><img loading=\"lazy\" decoding=\"async\" width=\"286\" height=\"190\" src=\"https:\/\/autodrom.lovetty.ovh\/offroad\/wp-content\/uploads\/2021\/02\/prod.jpg\" alt=\"\" class=\"wp-image-3554\" srcset=\"https:\/\/autodrom4x4.pl\/offroad\/wp-content\/uploads\/2021\/02\/prod.jpg 286w, https:\/\/autodrom4x4.pl\/offroad\/wp-content\/uploads\/2021\/02\/prod-64x43.jpg 64w\" sizes=\"(max-width: 286px) 100vw, 286px\" \/><\/a><figcaption><a href=\"\/offroad\/szkolenia-produktowe\/\" data-type=\"page\">SZKOLENIA\u00a0PRODUKTOWE DLA PRODUCENT\u00d3W I IMPORTER\u00d3W<\/a><br><br>Oferujemy kompleksowe szkolenia produktowe\u00a0 skierowane do producent\u00f3w, importer\u00f3w oraz dealer\u00f3w samochod\u00f3w u\u017cytkowych oraz pojazd\u00f3w terenowych.<\/figcaption><\/figure><\/div>\n\n<div class=\"wp-block-column is-layout-flow wp-block-column-is-layout-flow\"><figure class=\"wp-block-image size-large is-style-default\"><a href=\"\/offroad\/szkolenia-jazdy-w-terenie\/\"><img loading=\"lazy\" decoding=\"async\" width=\"280\" height=\"190\" src=\"https:\/\/autodrom.lovetty.ovh\/offroad\/wp-content\/uploads\/2021\/02\/trening.jpg\" alt=\"\" class=\"wp-image-3531\" srcset=\"https:\/\/autodrom4x4.pl\/offroad\/wp-content\/uploads\/2021\/02\/trening.jpg 280w, https:\/\/autodrom4x4.pl\/offroad\/wp-content\/uploads\/2021\/02\/trening-64x43.jpg 64w\" sizes=\"(max-width: 280px) 100vw, 280px\" \/><\/a><figcaption><a href=\"\/offroad\/szkolenia-jazdy-w-terenie\/\" data-type=\"page\">TOR OFF-ROAD 4&#215;4 TRENINGI INDYWIDUALNE I GRUPOWE W TERENIE<\/a><br><br>Naucz si\u0119 je\u017adzi\u0107 jak mistrz &#8211; oferta jest adresowana do os\u00f3b prywatnych, klub\u00f3w i stowarzysze\u0144, chc\u0105cych podnie\u015b\u0107 umiej\u0119tno\u015bci maksymalnego wykorzystania mo\u017cliwo\u015bci w\u0142asnych pojazd\u00f3w w terenie.<\/figcaption><\/figure><\/div><\/div><div class=\"wp-block-columns is-layout-flex wp-container-core-columns-is-layout-2 wp-block-columns-is-layout-flex\"><div class=\"wp-block-column is-layout-flow wp-block-column-is-layout-flow\"><figure class=\"wp-block-image size-large is-resized is-style-default\"><a href=\"\/offroad\/szkolenia-4x4\/\"><img loading=\"lazy\" decoding=\"async\" src=\"https:\/\/autodrom.lovetty.ovh\/offroad\/wp-content\/uploads\/2021\/02\/ter-1.jpg\" alt=\"\" class=\"wp-image-3559\" width=\"282\" height=\"190\" srcset=\"https:\/\/autodrom4x4.pl\/offroad\/wp-content\/uploads\/2021\/02\/ter-1.jpg 282w, https:\/\/autodrom4x4.pl\/offroad\/wp-content\/uploads\/2021\/02\/ter-1-64x43.jpg 64w\" sizes=\"(max-width: 282px) 100vw, 282px\" \/><\/a><figcaption><a href=\"\/offroad\/szkolenia-4x4\/\" data-type=\"page\">SZKOLENIE\u00a0W ZAKRESIE KORZYSTANIA Z SAMOCHOD\u00d3W Z NAP\u0118DEM 4X4 W TERENIE<\/a><br><br>Szkolenie odbywa si\u0119 na terenie Centrum Szkoleniowo Treningowego\u00a0 Autodrom 4&#215;4. Obiekt ten obejmuje tor off road o powierzchni 8 ha i zaadoptowan\u0105 na potrzeby szkoleniowe nieczynn\u0105\u00a0 kopalni\u0119 \u017cwiru o powierzchni 6 ha.<\/figcaption><\/figure><\/div>\n\n<div class=\"wp-block-column is-layout-flow wp-block-column-is-layout-flow\"><figure class=\"wp-block-image size-large is-resized is-style-default\"><a href=\"\/offroad\/szkolenia-quad-w-terenie\/\"><img loading=\"lazy\" decoding=\"async\" src=\"https:\/\/autodrom.lovetty.ovh\/offroad\/wp-content\/uploads\/2021\/02\/quad.jpg\" alt=\"\" class=\"wp-image-3547\" width=\"400\" height=\"269\" srcset=\"https:\/\/autodrom4x4.pl\/offroad\/wp-content\/uploads\/2021\/02\/quad.jpg 400w, https:\/\/autodrom4x4.pl\/offroad\/wp-content\/uploads\/2021\/02\/quad-300x202.jpg 300w, https:\/\/autodrom4x4.pl\/offroad\/wp-content\/uploads\/2021\/02\/quad-350x235.jpg 350w, https:\/\/autodrom4x4.pl\/offroad\/wp-content\/uploads\/2021\/02\/quad-64x43.jpg 64w\" sizes=\"(max-width: 400px) 100vw, 400px\" \/><\/a><figcaption><a href=\"\/offroad\/szkolenia-quad-w-terenie\/\" data-type=\"page\">SZKOLENIE\u00a0W ZAKRESIE KORZYSTANIA Z POJAZD\u00d3W TYPU QUAD W\u00a0 TERENIE<\/a><br><br>Autodrom 4&#215;4 to doskona\u0142a lokalizacja do doskonalenia umiej\u0119tno\u015bci wykorzystania mo\u017cliwo\u015bci pojazd\u00f3w typu quad naturalnych warunkach na legalnym torze off-road pod okiem instruktor\u00f3w z wieloletnim do\u015bwiadczeniem praktycznym.<\/figcaption><\/figure><\/div>\n\n<div class=\"wp-block-column is-layout-flow wp-block-column-is-layout-flow\"><figure class=\"wp-block-image size-large is-resized is-style-default\"><a href=\"\/offroad\/szkolenia-indywidualne-4x4\/\"><img loading=\"lazy\" decoding=\"async\" src=\"https:\/\/autodrom.lovetty.ovh\/offroad\/wp-content\/uploads\/2021\/02\/toyota-szkolenie-u9811-fr.jpg\" alt=\"\" class=\"wp-image-3530\" width=\"285\" height=\"190\" srcset=\"https:\/\/autodrom4x4.pl\/offroad\/wp-content\/uploads\/2021\/02\/toyota-szkolenie-u9811-fr.jpg 285w, https:\/\/autodrom4x4.pl\/offroad\/wp-content\/uploads\/2021\/02\/toyota-szkolenie-u9811-fr-64x43.jpg 64w\" sizes=\"(max-width: 285px) 100vw, 285px\" \/><\/a><figcaption><a href=\"\/offroad\/szkolenia-indywidualne-4x4\/\" data-type=\"page\">SZKOLENIE\u00a0INDYWIDUALNY POCZ\u0104TKOWY TRENING<br>JAZDY W TERENIE<\/a><br><br>Przedstawiamy\u00a0 program szkolenia\u00a0 dla os\u00f3b kt\u00f3re u\u017cytkuj\u0105 samoch\u00f3d z nap\u0119dem 4&#215;4 , jednak chcieli by pozna\u0107 jego prawdziwe mo\u017cliwo\u015bci, zalety oraz ograniczenia.<\/figcaption><\/figure>\n\n<p><\/p><\/div><\/div><div class=\"wp-block-columns obwoluta is-layout-flex wp-container-core-columns-is-layout-3 wp-block-columns-is-layout-flex\"><div class=\"wp-block-column is-layout-flow wp-block-column-is-layout-flow\" style=\"flex-basis:66.66%\"><p><a href=\"\/offroad\/szkolenia-z-obslugi-wyciagarek\/\" data-type=\"page\">SZKOLENIA WYCI\u0104GARKI<\/a> &#8211; komplet zagadnie\u0144 zwi\u0105zanych z obs\u0142ug\u0105 wyci\u0105garek<\/p><\/div>\n\n<div class=\"wp-block-column is-layout-flow wp-block-column-is-layout-flow\" style=\"flex-basis:33.33%\"><div class=\"wp-block-buttons is-layout-flex wp-block-buttons-is-layout-flex\"><div class=\"wp-block-button\"><a class=\"wp-block-button__link\" href=\"\/offroad\/szkolenia-z-obslugi-wyciagarek\/\">Zobacz szczeg\u00f3\u0142y<\/a><\/div><\/div><\/div><\/div><div class=\"wp-block-columns obwoluta is-layout-flex wp-container-core-columns-is-layout-4 wp-block-columns-is-layout-flex\"><div class=\"wp-block-column is-layout-flow wp-block-column-is-layout-flow\" style=\"flex-basis:66.66%\"><p><a href=\"\/offroad\/catering\/\">CATERING <\/a>&#8211; na Pa\u0144stwa \u017cyczenie zapewniamy pe\u0142n\u0105 obs\u0142ug\u0119 cateringow\u0105 podczas ka\u017cdej z organizowanych u nas imprez<\/p><\/div>\n\n<div class=\"wp-block-column is-layout-flow wp-block-column-is-layout-flow\" style=\"flex-basis:33.33%\"><div class=\"wp-block-buttons is-layout-flex wp-block-buttons-is-layout-flex\"><div class=\"wp-block-button\"><a class=\"wp-block-button__link\" href=\"\/offroad\/catering\/\">Zobacz szczeg\u00f3\u0142y<\/a><\/div><\/div><\/div><\/div><div class=\"wp-block-columns obwoluta is-layout-flex wp-container-core-columns-is-layout-5 wp-block-columns-is-layout-flex\"><div class=\"wp-block-column is-layout-flow wp-block-column-is-layout-flow\" style=\"flex-basis:66.66%\"><p><a href=\"\/offroad\/tor-offroad\/\" data-type=\"page\">TOR OFF-ROAD SOLO<\/a> &#8211; chcesz skorzysta\u0107 z toru indywidualnie? To proste.<\/p><\/div>\n\n<div class=\"wp-block-column is-layout-flow wp-block-column-is-layout-flow\" style=\"flex-basis:33.33%\"><div class=\"wp-block-buttons is-layout-flex wp-block-buttons-is-layout-flex\"><div class=\"wp-block-button\"><a class=\"wp-block-button__link\" href=\"\/offroad\/tor-offroad\/\">Zobacz szczeg\u00f3\u0142y<\/a><\/div><\/div><\/div><\/div><div class=\"wp-block-columns obwoluta_duze is-layout-flex wp-container-core-columns-is-layout-6 wp-block-columns-is-layout-flex\"><div class=\"wp-block-column is-layout-flow wp-block-column-is-layout-flow\"><p><a href=\"\/offroad\/budowa-torow-mobilnych\/\" data-type=\"page\">MOBILNE TORY 4&#215;4 &#8211; BUDOWA,<br>OBS\u0141UGA i ZABEZPIECZENIE<\/a><\/p>\n\n<p>Zajmujemy si\u0119 budow\u0105 mobilnych tor\u00f3w 4&#215;4 i realizacj\u0105 wszelkich nietypowych instalacji zwi\u0105zanych z ekspozycjami i prezentacjami pojazd\u00f3w z nap\u0119dem na obie osie. Dysponujemy w\u0142asnym, profesjonalnym torem mobilnym.<\/p><\/div>\n\n<div class=\"wp-block-column is-layout-flow wp-block-column-is-layout-flow\"><figure class=\"wp-block-image size-large is-style-default\"><a href=\"\/offroad\/budowa-torow-mobilnych\/\"><img loading=\"lazy\" decoding=\"async\" width=\"423\" height=\"243\" src=\"https:\/\/autodrom.lovetty.ovh\/offroad\/wp-content\/uploads\/2021\/02\/tor2.jpg\" alt=\"\" class=\"wp-image-3526\" srcset=\"https:\/\/autodrom4x4.pl\/offroad\/wp-content\/uploads\/2021\/02\/tor2.jpg 423w, https:\/\/autodrom4x4.pl\/offroad\/wp-content\/uploads\/2021\/02\/tor2-300x172.jpg 300w, https:\/\/autodrom4x4.pl\/offroad\/wp-content\/uploads\/2021\/02\/tor2-350x201.jpg 350w, https:\/\/autodrom4x4.pl\/offroad\/wp-content\/uploads\/2021\/02\/tor2-64x37.jpg 64w\" sizes=\"(max-width: 423px) 100vw, 423px\" \/><\/a><\/figure><\/div><\/div><div class=\"wp-block-columns obwoluta_duze is-layout-flex wp-container-core-columns-is-layout-7 wp-block-columns-is-layout-flex\"><div class=\"wp-block-column is-layout-flow wp-block-column-is-layout-flow\"><p><a href=\"\/offroad\/organizacja-imprez-integracyjnych\/\" data-type=\"page\">IMPREZY INTEGRACYJNE, RAJDY, ZLOTY,<br>NIEZWYK\u0141E WIECZORY KAWALERSKIE<br>I PANIE\u0143SKIE, NIETYPOWE WYDARZENIA<\/a><\/p>\n\n<p>Naszych Klient\u00f3w traktujemy ze szczeg\u00f3ln\u0105 uwag\u0105. Za ka\u017cdym razem scenariusz i przebieg imprezy jest ustalany indywidualnie &#8211; tak, \u017ceby w spos\u00f3b maksymalny by\u0142 dostosowany do Pa\u0144stwa oczekiwa\u0144 i wymog\u00f3w.<\/p><\/div>\n\n<div class=\"wp-block-column is-layout-flow wp-block-column-is-layout-flow\"><figure class=\"wp-block-image size-large is-style-default\"><a href=\"\/offroad\/organizacja-imprez-integracyjnych\/\"><img loading=\"lazy\" decoding=\"async\" width=\"423\" height=\"243\" src=\"https:\/\/autodrom.lovetty.ovh\/offroad\/wp-content\/uploads\/2021\/02\/imprezy.jpg\" alt=\"\" class=\"wp-image-3494\" srcset=\"https:\/\/autodrom4x4.pl\/offroad\/wp-content\/uploads\/2021\/02\/imprezy.jpg 423w, https:\/\/autodrom4x4.pl\/offroad\/wp-content\/uploads\/2021\/02\/imprezy-300x172.jpg 300w, https:\/\/autodrom4x4.pl\/offroad\/wp-content\/uploads\/2021\/02\/imprezy-350x201.jpg 350w, https:\/\/autodrom4x4.pl\/offroad\/wp-content\/uploads\/2021\/02\/imprezy-64x37.jpg 64w\" sizes=\"(max-width: 423px) 100vw, 423px\" \/><\/a><\/figure><\/div><\/div><div class=\"wp-block-columns obwoluta_duze is-layout-flex wp-container-core-columns-is-layout-8 wp-block-columns-is-layout-flex\"><div class=\"wp-block-column is-layout-flow wp-block-column-is-layout-flow\"><p><a href=\"\/offroad\/paintball\/\" data-type=\"page\">PAINTBALL DLA \u017b\u0104DNYCH JESZCZE<br>MOCNIEJSZYCH WRA\u017bE\u0143<\/a><\/p>\n\n<p>Paintball \u2013 rodzaj gry zespo\u0142owej, polegaj\u0105cej na prowadzeniu pozorowanej walki przy u\u017cyciu marker\u00f3w, urz\u0105dze\u0144 zbli\u017conych kszta\u0142tem i zasad\u0105 dzia\u0142ania do broni pneumatycznej. Idealne warunki terenowe i istniej\u0105ce zabudowania zapewniaj\u0105 moc wra\u017ce\u0144.<\/p><\/div>\n\n<div class=\"wp-block-column is-layout-flow wp-block-column-is-layout-flow\"><figure class=\"wp-block-image size-large is-style-default\"><a href=\"\/offroad\/paintball\/\"><img loading=\"lazy\" decoding=\"async\" width=\"423\" height=\"243\" src=\"https:\/\/autodrom.lovetty.ovh\/offroad\/wp-content\/uploads\/2021\/02\/paintball.jpg\" alt=\"\" class=\"wp-image-3569\" srcset=\"https:\/\/autodrom4x4.pl\/offroad\/wp-content\/uploads\/2021\/02\/paintball.jpg 423w, https:\/\/autodrom4x4.pl\/offroad\/wp-content\/uploads\/2021\/02\/paintball-300x172.jpg 300w, https:\/\/autodrom4x4.pl\/offroad\/wp-content\/uploads\/2021\/02\/paintball-350x201.jpg 350w, https:\/\/autodrom4x4.pl\/offroad\/wp-content\/uploads\/2021\/02\/paintball-64x37.jpg 64w\" sizes=\"(max-width: 423px) 100vw, 423px\" \/><\/a><\/figure><\/div><\/div>","protected":false},"excerpt":{"rendered":"<p>SZKOLENIA WYCI\u0104GARKI &#8211; komplet zagadnie\u0144 zwi\u0105zanych z obs\u0142ug\u0105 wyci\u0105garek CATERING &#8211; na Pa\u0144stwa \u017cyczenie zapewniamy pe\u0142n\u0105 obs\u0142ug\u0119 cateringow\u0105 podczas ka\u017cdej z organizowanych u nas imprez TOR OFF-ROAD SOLO &#8211; chcesz skorzysta\u0107 z toru indywidualnie? To proste. MOBILNE TORY 4&#215;4 &#8211; BUDOWA,OBS\u0141UGA i ZABEZPIECZENIE Zajmujemy si\u0119 budow\u0105 mobilnych tor\u00f3w 4&#215;4 i realizacj\u0105 wszelkich nietypowych instalacji zwi\u0105zanych [&hellip;]<\/p>\n","protected":false},"author":2,"featured_media":0,"parent":0,"menu_order":0,"comment_status":"closed","ping_status":"closed","template":"","meta":{"footnotes":""},"class_list":["post-3553","page","type-page","status-publish","hentry"],"_links":{"self":[{"href":"https:\/\/autodrom4x4.pl\/offroad\/wp-json\/wp\/v2\/pages\/3553"}],"collection":[{"href":"https:\/\/autodrom4x4.pl\/offroad\/wp-json\/wp\/v2\/pages"}],"about":[{"href":"https:\/\/autodrom4x4.pl\/offroad\/wp-json\/wp\/v2\/types\/page"}],"author":[{"embeddable":true,"href":"https:\/\/autodrom4x4.pl\/offroad\/wp-json\/wp\/v2\/users\/2"}],"replies":[{"embeddable":true,"href":"https:\/\/autodrom4x4.pl\/offroad\/wp-json\/wp\/v2\/comments?post=3553"}],"version-history":[{"count":28,"href":"https:\/\/autodrom4x4.pl\/offroad\/wp-json\/wp\/v2\/pages\/3553\/revisions"}],"predecessor-version":[{"id":3750,"href":"https:\/\/autodrom4x4.pl\/offroad\/wp-json\/wp\/v2\/pages\/3553\/revisions\/3750"}],"wp:attachment":[{"href":"https:\/\/autodrom4x4.pl\/offroad\/wp-json\/wp\/v2\/media?parent=3553"}],"curies":[{"name":"wp","href":"https:\/\/api.w.org\/{rel}","templated":true}]}}