{"id":3571,"date":"2021-02-01T14:32:05","date_gmt":"2021-02-01T13:32:05","guid":{"rendered":"https:\/\/autodrom.lovetty.ovh\/offroad\/?page_id=3571"},"modified":"2021-02-01T17:14:24","modified_gmt":"2021-02-01T16:14:24","slug":"budowa-torow-mobilnych","status":"publish","type":"page","link":"https:\/\/autodrom4x4.pl\/offroad\/budowa-torow-mobilnych\/","title":{"rendered":"Budowa tor\u00f3w mobilnych"},"content":{"rendered":"<div class=\"wp-block-columns is-layout-flex wp-container-core-columns-is-layout-1 wp-block-columns-is-layout-flex\"><div class=\"wp-block-column is-layout-flow wp-block-column-is-layout-flow\" style=\"flex-basis:66.66%\"><p class=\"has-medium-font-size\" id=\"u2047-2\">Bez granic wyobra\u017ani<\/p>\n\n<p>Zajmujemy si\u0119 budow\u0105 mobilnych tor\u00f3w 4&#215;4 i realizacj\u0105 wszelkich nietypowych instalacji zwi\u0105zanych z ekspozycjami i prezentacjami pojazd\u00f3w z nap\u0119dem na obie osie. <\/p>\n\n<p>Jeste\u015bmy m.in. wykonawc\u0105 tor\u00f3w testowych na Pozna\u0144 Motor Show realizowanych dla Skoda Auto na terenie Mi\u0119dzynarodowych Targ\u00f3w Pozna\u0144skich w 2014 i w 2017 r (Skoda Kodiaq).\u00a0 <\/p>\n\n<p>Zapewniamy pe\u0142n\u0105 obs\u0142ug\u0119 i zabezpieczenie na realizowanych przez nas torach podczas organizowanych przez Pa\u0144stwa imprez. <\/p>\n\n<p>Dysponujemy tak\u017ce w\u0142asnym, mobilnym torem 4&#215;4.<\/p><\/div>\n\n<div class=\"wp-block-column is-layout-flow wp-block-column-is-layout-flow\" style=\"flex-basis:33.33%\"><figure class=\"wp-block-embed is-type-video is-provider-youtube wp-block-embed-youtube wp-embed-aspect-16-9 wp-has-aspect-ratio\"><div class=\"wp-block-embed__wrapper\">\n<iframe loading=\"lazy\" title=\"Motor Show Pozna\u0144 - Budowa Toru - Skoda Yeti\" width=\"500\" height=\"281\" src=\"https:\/\/www.youtube.com\/embed\/UZr7fPwrhjU?feature=oembed\" frameborder=\"0\" allow=\"accelerometer; autoplay; clipboard-write; encrypted-media; gyroscope; picture-in-picture; web-share\" referrerpolicy=\"strict-origin-when-cross-origin\" allowfullscreen><\/iframe>\n<\/div><\/figure><\/div><\/div><figure class=\"wp-block-embed is-type-video is-provider-youtube wp-block-embed-youtube 100pro wp-embed-aspect-16-9 wp-has-aspect-ratio\"><div class=\"wp-block-embed__wrapper\">\n<iframe loading=\"lazy\" title=\"Onlinemotor Skoda KODIAQ OFFROAD Parcour Gel\u00e4ndewagenparcour Skoda Centrum D\u00fcsseldorf\" width=\"500\" height=\"281\" src=\"https:\/\/www.youtube.com\/embed\/gQwtqR839CE?feature=oembed\" frameborder=\"0\" allow=\"accelerometer; autoplay; clipboard-write; encrypted-media; gyroscope; picture-in-picture; web-share\" referrerpolicy=\"strict-origin-when-cross-origin\" allowfullscreen><\/iframe>\n<\/div><\/figure><figure class=\"wp-block-embed is-type-video is-provider-youtube wp-block-embed-youtube 100pro wp-embed-aspect-16-9 wp-has-aspect-ratio\"><div class=\"wp-block-embed__wrapper\">\n<iframe loading=\"lazy\" title=\"Mobilny Tor Off Road | Autodrom 4x4\" width=\"500\" height=\"281\" src=\"https:\/\/www.youtube.com\/embed\/xi7pVOPWiQ8?feature=oembed\" frameborder=\"0\" allow=\"accelerometer; autoplay; clipboard-write; encrypted-media; gyroscope; picture-in-picture; web-share\" referrerpolicy=\"strict-origin-when-cross-origin\" allowfullscreen><\/iframe>\n<\/div><\/figure><p class=\"has-medium-font-size\">Mobilne tory off road<\/p><div class=\"wp-block-columns is-layout-flex wp-container-core-columns-is-layout-2 wp-block-columns-is-layout-flex\"><div class=\"wp-block-column is-layout-flow wp-block-column-is-layout-flow\"><figure class=\"wp-block-image size-large is-style-default ramka\"><img loading=\"lazy\" decoding=\"async\" width=\"280\" height=\"190\" src=\"https:\/\/autodrom.lovetty.ovh\/offroad\/wp-content\/uploads\/2021\/02\/t1.jpg\" alt=\"\" class=\"wp-image-3519\" srcset=\"https:\/\/autodrom4x4.pl\/offroad\/wp-content\/uploads\/2021\/02\/t1.jpg 280w, https:\/\/autodrom4x4.pl\/offroad\/wp-content\/uploads\/2021\/02\/t1-64x43.jpg 64w\" sizes=\"(max-width: 280px) 100vw, 280px\" \/><\/figure>\n\n<div style=\"height:20px\" aria-hidden=\"true\" class=\"wp-block-spacer\"><\/div>\n\n<figure class=\"wp-block-image size-large is-style-default ramka\"><img loading=\"lazy\" decoding=\"async\" width=\"280\" height=\"190\" src=\"https:\/\/autodrom.lovetty.ovh\/offroad\/wp-content\/uploads\/2021\/02\/t4.jpg\" alt=\"\" class=\"wp-image-3522\" srcset=\"https:\/\/autodrom4x4.pl\/offroad\/wp-content\/uploads\/2021\/02\/t4.jpg 280w, https:\/\/autodrom4x4.pl\/offroad\/wp-content\/uploads\/2021\/02\/t4-64x43.jpg 64w\" sizes=\"(max-width: 280px) 100vw, 280px\" \/><\/figure><\/div>\n\n<div class=\"wp-block-column is-layout-flow wp-block-column-is-layout-flow\"><figure class=\"wp-block-image size-large is-style-default ramka\"><img loading=\"lazy\" decoding=\"async\" width=\"280\" height=\"190\" src=\"https:\/\/autodrom.lovetty.ovh\/offroad\/wp-content\/uploads\/2021\/02\/t2.jpg\" alt=\"\" class=\"wp-image-3520\" srcset=\"https:\/\/autodrom4x4.pl\/offroad\/wp-content\/uploads\/2021\/02\/t2.jpg 280w, https:\/\/autodrom4x4.pl\/offroad\/wp-content\/uploads\/2021\/02\/t2-64x43.jpg 64w\" sizes=\"(max-width: 280px) 100vw, 280px\" \/><\/figure>\n\n<div style=\"height:20px\" aria-hidden=\"true\" class=\"wp-block-spacer\"><\/div>\n\n<figure class=\"wp-block-image size-large is-style-default ramka\"><img loading=\"lazy\" decoding=\"async\" width=\"280\" height=\"190\" src=\"https:\/\/autodrom.lovetty.ovh\/offroad\/wp-content\/uploads\/2021\/02\/t5.jpg\" alt=\"\" class=\"wp-image-3523\" srcset=\"https:\/\/autodrom4x4.pl\/offroad\/wp-content\/uploads\/2021\/02\/t5.jpg 280w, https:\/\/autodrom4x4.pl\/offroad\/wp-content\/uploads\/2021\/02\/t5-64x43.jpg 64w\" sizes=\"(max-width: 280px) 100vw, 280px\" \/><\/figure><\/div>\n\n<div class=\"wp-block-column is-layout-flow wp-block-column-is-layout-flow\"><figure class=\"wp-block-image size-large is-style-default ramka\"><img loading=\"lazy\" decoding=\"async\" width=\"280\" height=\"190\" src=\"https:\/\/autodrom.lovetty.ovh\/offroad\/wp-content\/uploads\/2021\/02\/t3.jpg\" alt=\"\" class=\"wp-image-3521\" srcset=\"https:\/\/autodrom4x4.pl\/offroad\/wp-content\/uploads\/2021\/02\/t3.jpg 280w, https:\/\/autodrom4x4.pl\/offroad\/wp-content\/uploads\/2021\/02\/t3-64x43.jpg 64w\" sizes=\"(max-width: 280px) 100vw, 280px\" \/><\/figure>\n\n<div style=\"height:20px\" aria-hidden=\"true\" class=\"wp-block-spacer\"><\/div>\n\n<figure class=\"wp-block-image size-large is-style-default ramka\"><img loading=\"lazy\" decoding=\"async\" width=\"280\" height=\"190\" src=\"https:\/\/autodrom.lovetty.ovh\/offroad\/wp-content\/uploads\/2021\/02\/t6.jpg\" alt=\"\" class=\"wp-image-3524\" srcset=\"https:\/\/autodrom4x4.pl\/offroad\/wp-content\/uploads\/2021\/02\/t6.jpg 280w, https:\/\/autodrom4x4.pl\/offroad\/wp-content\/uploads\/2021\/02\/t6-64x43.jpg 64w\" sizes=\"(max-width: 280px) 100vw, 280px\" \/><\/figure><\/div><\/div>","protected":false},"excerpt":{"rendered":"<p>Bez granic wyobra\u017ani Zajmujemy si\u0119 budow\u0105 mobilnych tor\u00f3w 4&#215;4 i realizacj\u0105 wszelkich nietypowych instalacji zwi\u0105zanych z ekspozycjami i prezentacjami pojazd\u00f3w z nap\u0119dem na obie osie. Jeste\u015bmy m.in. wykonawc\u0105 tor\u00f3w testowych na Pozna\u0144 Motor Show realizowanych dla Skoda Auto na terenie Mi\u0119dzynarodowych Targ\u00f3w Pozna\u0144skich w 2014 i w 2017 r (Skoda Kodiaq).\u00a0 Zapewniamy pe\u0142n\u0105 obs\u0142ug\u0119 i [&hellip;]<\/p>\n","protected":false},"author":2,"featured_media":0,"parent":0,"menu_order":0,"comment_status":"closed","ping_status":"closed","template":"","meta":{"footnotes":""},"class_list":["post-3571","page","type-page","status-publish","hentry"],"_links":{"self":[{"href":"https:\/\/autodrom4x4.pl\/offroad\/wp-json\/wp\/v2\/pages\/3571"}],"collection":[{"href":"https:\/\/autodrom4x4.pl\/offroad\/wp-json\/wp\/v2\/pages"}],"about":[{"href":"https:\/\/autodrom4x4.pl\/offroad\/wp-json\/wp\/v2\/types\/page"}],"author":[{"embeddable":true,"href":"https:\/\/autodrom4x4.pl\/offroad\/wp-json\/wp\/v2\/users\/2"}],"replies":[{"embeddable":true,"href":"https:\/\/autodrom4x4.pl\/offroad\/wp-json\/wp\/v2\/comments?post=3571"}],"version-history":[{"count":10,"href":"https:\/\/autodrom4x4.pl\/offroad\/wp-json\/wp\/v2\/pages\/3571\/revisions"}],"predecessor-version":[{"id":3664,"href":"https:\/\/autodrom4x4.pl\/offroad\/wp-json\/wp\/v2\/pages\/3571\/revisions\/3664"}],"wp:attachment":[{"href":"https:\/\/autodrom4x4.pl\/offroad\/wp-json\/wp\/v2\/media?parent=3571"}],"curies":[{"name":"wp","href":"https:\/\/api.w.org\/{rel}","templated":true}]}}