{"id":3590,"date":"2021-02-01T14:41:38","date_gmt":"2021-02-01T13:41:38","guid":{"rendered":"https:\/\/autodrom.lovetty.ovh\/offroad\/?page_id=3590"},"modified":"2021-02-02T18:24:20","modified_gmt":"2021-02-02T17:24:20","slug":"paintball","status":"publish","type":"page","link":"https:\/\/autodrom4x4.pl\/offroad\/paintball\/","title":{"rendered":"Paintball"},"content":{"rendered":"<div class=\"wp-block-columns is-layout-flex wp-container-core-columns-is-layout-1 wp-block-columns-is-layout-flex\"><div class=\"wp-block-column is-layout-flow wp-block-column-is-layout-flow\" style=\"flex-basis:66.66%\"><p class=\"has-medium-font-size\" id=\"u2259-2\">Jeszcze wi\u0119cej adrenaliny<\/p>\n\n<p>Paintball \u2013 rodzaj gry zespo\u0142owej, polegaj\u0105cej na prowadzeniu pozorowanej walki przy u\u017cyciu marker\u00f3w, urz\u0105dze\u0144 zbli\u017conych kszta\u0142tem i zasad\u0105 dzia\u0142ania do broni pneumatycznej, kt\u00f3re za pomoc\u0105 spr\u0119\u017conego powietrza lub dwutlenku w\u0119gla wyrzucaj\u0105 kulki wype\u0142nione farb\u0105 na bazie \u017celatyny spo\u017cywczej. <\/p>\n\n<p>Trafienie przeciwnika, podczas kt\u00f3rego kulka rozbija si\u0119, pozostawiaj\u0105c kolorowy \u015blad (nazywany przez graczy splatem) na ciele, masce b\u0105d\u017a markerze zawodnika, powoduje jego eliminacj\u0119 z gry.<\/p><\/div>\n\n<div class=\"wp-block-column is-layout-flow wp-block-column-is-layout-flow\" style=\"flex-basis:33.33%\"><figure class=\"wp-block-image size-large is-style-default\"><a href=\"https:\/\/autodrom.lovetty.ovh\/offroad\/wp-content\/uploads\/2021\/02\/p4.jpg\"><img loading=\"lazy\" decoding=\"async\" width=\"423\" height=\"243\" src=\"https:\/\/autodrom.lovetty.ovh\/offroad\/wp-content\/uploads\/2021\/02\/p4.jpg\" alt=\"\" class=\"wp-image-3586\" srcset=\"https:\/\/autodrom4x4.pl\/offroad\/wp-content\/uploads\/2021\/02\/p4.jpg 423w, https:\/\/autodrom4x4.pl\/offroad\/wp-content\/uploads\/2021\/02\/p4-300x172.jpg 300w, https:\/\/autodrom4x4.pl\/offroad\/wp-content\/uploads\/2021\/02\/p4-350x201.jpg 350w, https:\/\/autodrom4x4.pl\/offroad\/wp-content\/uploads\/2021\/02\/p4-64x37.jpg 64w\" sizes=\"(max-width: 423px) 100vw, 423px\" \/><\/a><\/figure><\/div><\/div><div class=\"wp-block-columns is-layout-flex wp-container-core-columns-is-layout-2 wp-block-columns-is-layout-flex\"><div class=\"wp-block-column is-layout-flow wp-block-column-is-layout-flow\"><figure class=\"wp-block-image size-large is-style-default\"><a href=\"https:\/\/autodrom.lovetty.ovh\/offroad\/wp-content\/uploads\/2021\/02\/p1.jpg\"><img loading=\"lazy\" decoding=\"async\" width=\"300\" height=\"200\" src=\"https:\/\/autodrom.lovetty.ovh\/offroad\/wp-content\/uploads\/2021\/02\/p1.jpg\" alt=\"\" class=\"wp-image-3583\" srcset=\"https:\/\/autodrom4x4.pl\/offroad\/wp-content\/uploads\/2021\/02\/p1.jpg 300w, https:\/\/autodrom4x4.pl\/offroad\/wp-content\/uploads\/2021\/02\/p1-64x43.jpg 64w\" sizes=\"(max-width: 300px) 100vw, 300px\" \/><\/a><figcaption>Na terenie toru znajduje si\u0119&nbsp; specjalnie przygotowanie i zabezpieczone pole do gry. Naszym klientom powierzamy najwy\u017cszej jako\u015bci sprz\u0119t paintballowy &#8211; markery B. Tippmann 4 combat oraz maski Vents Helix. Markery zasilane s\u0105 spr\u0119\u017conym powietrzem, dzi\u0119ki czemu temperatura otoczenia nie wp\u0142ywa na mo\u017cliwo\u015bci ich u\u017cytkowania i jako\u015b\u0107 gier.<\/figcaption><\/figure><\/div>\n\n<div class=\"wp-block-column is-layout-flow wp-block-column-is-layout-flow\"><figure class=\"wp-block-image size-large is-style-default\"><a href=\"https:\/\/autodrom.lovetty.ovh\/offroad\/wp-content\/uploads\/2021\/02\/p2.jpg\"><img loading=\"lazy\" decoding=\"async\" width=\"300\" height=\"200\" src=\"https:\/\/autodrom.lovetty.ovh\/offroad\/wp-content\/uploads\/2021\/02\/p2.jpg\" alt=\"\" class=\"wp-image-3584\" srcset=\"https:\/\/autodrom4x4.pl\/offroad\/wp-content\/uploads\/2021\/02\/p2.jpg 300w, https:\/\/autodrom4x4.pl\/offroad\/wp-content\/uploads\/2021\/02\/p2-64x43.jpg 64w\" sizes=\"(max-width: 300px) 100vw, 300px\" \/><\/a><figcaption>Ka\u017cdy uczestnik otrzymuje marker, mask\u0119, kombinezon oraz wybran\u0105 ilo\u015b\u0107 amunicji. Nad bezpiecze\u0144stwem uczestnik\u00f3w oraz przestrzeganiem zasad gry czuwa s\u0119dzia kt\u00f3ry przedstawia uczestnikom r\u00f3\u017cne scenariusze gier- zdobywanie twierdzy, ochrona VIP-a, odbicie zak\u0142adnika, itp.<\/figcaption><\/figure><\/div>\n\n<div class=\"wp-block-column is-layout-flow wp-block-column-is-layout-flow\"><figure class=\"wp-block-image size-large is-style-default\"><a href=\"https:\/\/autodrom.lovetty.ovh\/offroad\/wp-content\/uploads\/2021\/02\/p3.jpg\"><img loading=\"lazy\" decoding=\"async\" width=\"300\" height=\"200\" src=\"https:\/\/autodrom.lovetty.ovh\/offroad\/wp-content\/uploads\/2021\/02\/p3.jpg\" alt=\"\" class=\"wp-image-3585\" srcset=\"https:\/\/autodrom4x4.pl\/offroad\/wp-content\/uploads\/2021\/02\/p3.jpg 300w, https:\/\/autodrom4x4.pl\/offroad\/wp-content\/uploads\/2021\/02\/p3-64x43.jpg 64w\" sizes=\"(max-width: 300px) 100vw, 300px\" \/><\/a><figcaption>Istnieje wiele rodzaj\u00f3w gry, generalnie zwyci\u0119zc\u0105 zostaje dru\u017cyna, kt\u00f3ra osi\u0105gnie cel ustalony na postawie przyj\u0119tego scenariusza. Zazwyczaj jest to zdobycie flagi przeciwnika, wyeliminowanie wszystkich zawodnik\u00f3w, osi\u0105gni\u0119cie wyznaczonego punktu w okre\u015blonym czasie itp.<\/figcaption><\/figure><\/div><\/div>","protected":false},"excerpt":{"rendered":"<p>Jeszcze wi\u0119cej adrenaliny Paintball \u2013 rodzaj gry zespo\u0142owej, polegaj\u0105cej na prowadzeniu pozorowanej walki przy u\u017cyciu marker\u00f3w, urz\u0105dze\u0144 zbli\u017conych kszta\u0142tem i zasad\u0105 dzia\u0142ania do broni pneumatycznej, kt\u00f3re za pomoc\u0105 spr\u0119\u017conego powietrza lub dwutlenku w\u0119gla wyrzucaj\u0105 kulki wype\u0142nione farb\u0105 na bazie \u017celatyny spo\u017cywczej. Trafienie przeciwnika, podczas kt\u00f3rego kulka rozbija si\u0119, pozostawiaj\u0105c kolorowy \u015blad (nazywany przez graczy splatem) [&hellip;]<\/p>\n","protected":false},"author":2,"featured_media":0,"parent":0,"menu_order":0,"comment_status":"closed","ping_status":"closed","template":"","meta":{"footnotes":""},"class_list":["post-3590","page","type-page","status-publish","hentry"],"_links":{"self":[{"href":"https:\/\/autodrom4x4.pl\/offroad\/wp-json\/wp\/v2\/pages\/3590"}],"collection":[{"href":"https:\/\/autodrom4x4.pl\/offroad\/wp-json\/wp\/v2\/pages"}],"about":[{"href":"https:\/\/autodrom4x4.pl\/offroad\/wp-json\/wp\/v2\/types\/page"}],"author":[{"embeddable":true,"href":"https:\/\/autodrom4x4.pl\/offroad\/wp-json\/wp\/v2\/users\/2"}],"replies":[{"embeddable":true,"href":"https:\/\/autodrom4x4.pl\/offroad\/wp-json\/wp\/v2\/comments?post=3590"}],"version-history":[{"count":2,"href":"https:\/\/autodrom4x4.pl\/offroad\/wp-json\/wp\/v2\/pages\/3590\/revisions"}],"predecessor-version":[{"id":3751,"href":"https:\/\/autodrom4x4.pl\/offroad\/wp-json\/wp\/v2\/pages\/3590\/revisions\/3751"}],"wp:attachment":[{"href":"https:\/\/autodrom4x4.pl\/offroad\/wp-json\/wp\/v2\/media?parent=3590"}],"curies":[{"name":"wp","href":"https:\/\/api.w.org\/{rel}","templated":true}]}}