{"id":257,"date":"2019-05-07T11:07:24","date_gmt":"2019-05-07T09:07:24","guid":{"rendered":"http:\/\/www.autodrom4x4.pl\/?post_type=product&#038;p=257"},"modified":"2026-01-07T19:47:44","modified_gmt":"2026-01-07T18:47:44","slug":"szkolenie-off-road-propozycja-dla-2-osob","status":"publish","type":"product","link":"https:\/\/autodrom4x4.pl\/offroad\/produkt\/szkolenie-off-road-propozycja-dla-2-osob\/","title":{"rendered":"SZKOLENIE+WYPRAWA OFF-ROAD \u2013 PROPOZYCJA DLA 2 OS\u00d3B &#8211; SZKOLENIE POJAZDEM  SCST AUTODROM 4X4"},"content":{"rendered":"<p>Szkolenie indywidualne z zakresu jazdy terenowej. Pi\u0119ciogodzinny program dla pocz\u0105tkuj\u0105cych skierowany dla os\u00f3b pragn\u0105cych naby\u0107 umiej\u0119tno\u015bci niezb\u0119dnych do w\u0142a\u015bciwego i bezpiecznego poruszania si\u0119 samochodem w ka\u017cdym terenie. Szkolenie przeprowadzone jest na terenie profesjonalnego o\u015brodka off-road. Sk\u0142ada si\u0119 ze wst\u0119pu teoretycznego (ok.0,5 h),\u00a0 treningu\u00a0 z instruktorem na torze off-road (ok. 2 h) oraz zaaran\u017cowanej wyprawy off-road (2,5h). \u0141\u0105czny czas samego szkolenia to 5h, czas pobytu na torze to oko\u0142o 6h. Podczas szkolenia w trakcie treningu i wyprawy udzielamy wsparcia samochodem terenowym Autodrom 4&#215;4.<\/p>\n<p>&nbsp;<\/p>\n<p>Proponujemy dwa rodzaje\u00a0 szkole\u0144:<\/p>\n<ul id=\"u10702-10\" class=\"list0 nls-None\">\n<li>szkolenie dla dw\u00f3ch os\u00f3b\u00a0 z wykorzystaniem samochodu uczestnik\u00f3w szkolenia<\/li>\n<li>szkolenie dla dw\u00f3ch os\u00f3b z wykorzystanie samochod\u00f3w SCST Autodrom 4&#215;4<\/li>\n<\/ul>\n<p><strong>Szczeg\u00f3\u0142owy program szkolenia przesy\u0142amy osobom zainteresowanym<\/strong><br \/>\n<a class=\"nonblock\" href=\"mailto:naprezent@autodrom4x4.pl\"><span id=\"u10702-14\">po przes\u0142aniu<\/span><\/a>\u00a0 <strong>zapytania.<\/strong><\/p>\n<p>WA\u017bNO\u015a\u0106 ZAPROSZENIA 12 MIESI\u0118CY.<\/p>\n<p><strong>JE\u015aLI MASZ PYTANIA W\/S TEGO SZKOLENIA \u00a0ZADZWO\u0143 POD NUMER 500595660.<\/strong><\/p>\n<p>&nbsp;<\/p>\n","protected":false},"excerpt":{"rendered":"<p>Szkolenie indywidualne z zakresu jazdy terenowej. Pi\u0119ciogodzinny program dla pocz\u0105tkuj\u0105cych skierowany dla os\u00f3b pragn\u0105cych naby\u0107 umiej\u0119tno\u015bci niezb\u0119dnych do w\u0142a\u015bciwego i bezpiecznego poruszania si\u0119 samochodem w ka\u017cdym terenie. Szkolenie przeprowadzone jest na terenie profesjonalnego o\u015brodka off-road. Sk\u0142ada si\u0119 ze wst\u0119pu teoretycznego (ok.0,5 h),\u00a0 treningu\u00a0 z instruktorem na torze off-road (ok. 2 h) oraz zaaran\u017cowanej wyprawy off-road [&hellip;]<\/p>\n","protected":false},"featured_media":294,"comment_status":"closed","ping_status":"closed","template":"","meta":[],"product_cat":[25],"product_tag":[],"class_list":{"0":"post-257","1":"product","2":"type-product","3":"status-publish","4":"has-post-thumbnail","6":"product_cat-szkolenia","8":"first","9":"instock","10":"taxable","11":"shipping-taxable","12":"purchasable","13":"product-type-simple"},"_links":{"self":[{"href":"https:\/\/autodrom4x4.pl\/offroad\/wp-json\/wp\/v2\/product\/257"}],"collection":[{"href":"https:\/\/autodrom4x4.pl\/offroad\/wp-json\/wp\/v2\/product"}],"about":[{"href":"https:\/\/autodrom4x4.pl\/offroad\/wp-json\/wp\/v2\/types\/product"}],"replies":[{"embeddable":true,"href":"https:\/\/autodrom4x4.pl\/offroad\/wp-json\/wp\/v2\/comments?post=257"}],"wp:featuredmedia":[{"embeddable":true,"href":"https:\/\/autodrom4x4.pl\/offroad\/wp-json\/wp\/v2\/media\/294"}],"wp:attachment":[{"href":"https:\/\/autodrom4x4.pl\/offroad\/wp-json\/wp\/v2\/media?parent=257"}],"wp:term":[{"taxonomy":"product_cat","embeddable":true,"href":"https:\/\/autodrom4x4.pl\/offroad\/wp-json\/wp\/v2\/product_cat?post=257"},{"taxonomy":"product_tag","embeddable":true,"href":"https:\/\/autodrom4x4.pl\/offroad\/wp-json\/wp\/v2\/product_tag?post=257"}],"curies":[{"name":"wp","href":"https:\/\/api.w.org\/{rel}","templated":true}]}}