{"id":259,"date":"2019-05-07T11:10:23","date_gmt":"2019-05-07T09:10:23","guid":{"rendered":"http:\/\/www.autodrom4x4.pl\/?post_type=product&#038;p=259"},"modified":"2024-07-08T14:20:05","modified_gmt":"2024-07-08T12:20:05","slug":"weekend-off-road","status":"publish","type":"product","link":"https:\/\/autodrom4x4.pl\/offroad\/produkt\/weekend-off-road\/","title":{"rendered":"WEEKEND  OFF-ROAD"},"content":{"rendered":"<p>Aktywny wypoczynek w ci\u0105gu dnia, romantyczna noc w hotelu.<\/p>\n<ul id=\"u2349-14\" class=\"list0 nls-None\">\n<li>przyjazd na tor Off Road<\/li>\n<li>szkolenie off Road dla pocz\u0105tkuj\u0105cych ok.2 h<\/li>\n<li>wyprawa Off Road samochodem przygotowanym do jazdy w terenie ok. 2h. Samodzielne prowadzenie pojazdu, nawigacja, korzystanie z lin, wyci\u0105garek. Wszystkie czynno\u015bci\u00a0 wykonywane pod czujnym okiem instruktora w celu zapewnienia maksymalnego bezpiecze\u0144stwa i dawki mocnych wra\u017ce\u0144 dla uczestnik\u00f3w<\/li>\n<li>kolacja przy butelce wina<\/li>\n<li>nocleg w hotelu, \u015bniadanie<\/li>\n<li>WA\u017bNO\u015a\u0106 ZAPROSZENIA 12 MIESI\u0118CY.<\/li>\n<\/ul>\n<p>&nbsp;<\/p>\n","protected":false},"excerpt":{"rendered":"<p>Aktywny wypoczynek w ci\u0105gu dnia, romantyczna noc w hotelu. przyjazd na tor Off Road szkolenie off Road dla pocz\u0105tkuj\u0105cych ok.2 h wyprawa Off Road samochodem przygotowanym do jazdy w terenie ok. 2h. Samodzielne prowadzenie pojazdu, nawigacja, korzystanie z lin, wyci\u0105garek. Wszystkie czynno\u015bci\u00a0 wykonywane pod czujnym okiem instruktora w celu zapewnienia maksymalnego bezpiecze\u0144stwa i dawki mocnych [&hellip;]<\/p>\n","protected":false},"featured_media":294,"comment_status":"closed","ping_status":"closed","template":"","meta":[],"product_cat":[24],"product_tag":[],"class_list":{"0":"post-259","1":"product","2":"type-product","3":"status-publish","4":"has-post-thumbnail","6":"product_cat-weekendy","8":"first","9":"instock","10":"taxable","11":"shipping-taxable","12":"purchasable","13":"product-type-simple"},"_links":{"self":[{"href":"https:\/\/autodrom4x4.pl\/offroad\/wp-json\/wp\/v2\/product\/259"}],"collection":[{"href":"https:\/\/autodrom4x4.pl\/offroad\/wp-json\/wp\/v2\/product"}],"about":[{"href":"https:\/\/autodrom4x4.pl\/offroad\/wp-json\/wp\/v2\/types\/product"}],"replies":[{"embeddable":true,"href":"https:\/\/autodrom4x4.pl\/offroad\/wp-json\/wp\/v2\/comments?post=259"}],"wp:featuredmedia":[{"embeddable":true,"href":"https:\/\/autodrom4x4.pl\/offroad\/wp-json\/wp\/v2\/media\/294"}],"wp:attachment":[{"href":"https:\/\/autodrom4x4.pl\/offroad\/wp-json\/wp\/v2\/media?parent=259"}],"wp:term":[{"taxonomy":"product_cat","embeddable":true,"href":"https:\/\/autodrom4x4.pl\/offroad\/wp-json\/wp\/v2\/product_cat?post=259"},{"taxonomy":"product_tag","embeddable":true,"href":"https:\/\/autodrom4x4.pl\/offroad\/wp-json\/wp\/v2\/product_tag?post=259"}],"curies":[{"name":"wp","href":"https:\/\/api.w.org\/{rel}","templated":true}]}}