{"id":3098,"date":"2020-05-12T08:46:26","date_gmt":"2020-05-12T06:46:26","guid":{"rendered":"http:\/\/www.autodrom4x4.pl\/na-prezent\/?post_type=product&#038;p=3098"},"modified":"2025-02-17T09:09:42","modified_gmt":"2025-02-17T08:09:42","slug":"road-book-50-km","status":"publish","type":"product","link":"https:\/\/autodrom4x4.pl\/offroad\/produkt\/road-book-50-km\/","title":{"rendered":"Road Book turystyczny 50 km. Suvem te\u017c mo\u017cna!"},"content":{"rendered":"<p><a href=\"http:\/\/www.autodrom4x4.pl\/na-prezent\/wp-content\/uploads\/2020\/05\/Zrzut-ekranu-2020-05-12-o-11.03.57.png\"><img loading=\"lazy\" decoding=\"async\" class=\"alignnone size-medium wp-image-3120\" src=\"http:\/\/www.autodrom4x4.pl\/na-prezent\/wp-content\/uploads\/2020\/05\/Zrzut-ekranu-2020-05-12-o-11.03.57-215x300.png\" alt=\"\" width=\"215\" height=\"300\" srcset=\"https:\/\/autodrom4x4.pl\/offroad\/wp-content\/uploads\/2020\/05\/Zrzut-ekranu-2020-05-12-o-11.03.57-215x300.png 215w, https:\/\/autodrom4x4.pl\/offroad\/wp-content\/uploads\/2020\/05\/Zrzut-ekranu-2020-05-12-o-11.03.57-350x489.png 350w, https:\/\/autodrom4x4.pl\/offroad\/wp-content\/uploads\/2020\/05\/Zrzut-ekranu-2020-05-12-o-11.03.57-64x89.png 64w, https:\/\/autodrom4x4.pl\/offroad\/wp-content\/uploads\/2020\/05\/Zrzut-ekranu-2020-05-12-o-11.03.57.png 626w\" sizes=\"(max-width: 215px) 100vw, 215px\" \/><\/a><\/p>\n<p>Road Book turystyczny 50 km, czas pokonania trasy oko\u0142o 3 h. Na trasie wiele zada\u0144 do wykonania + \u00a0foto safari. Doskona\u0142a zabawa dla ca\u0142ej rodziny. \u00a0Stopie\u0144 trudno\u015bci : tras\u0119 mo\u017cna \u00a0pokona tak\u017ce samochodem suv z nap\u0119dem 4&#215;2!<\/p>\n<p>Do pokonania trasy konieczny metromierz lub aplikacja w telefonie odmierzaj\u0105ca odleg\u0142o\u015b\u0107. Start i meta tor Autodrom4x4.<\/p>\n<p>Road Book wysy\u0142amy wy\u0142\u0105cznie w wersji papierowej, wydrukowanej, wraz z mi\u0142ym upominkiem.<\/p>\n<p>W formularzu zakupu prosimy o podanie adresu pocztowego na kt\u00f3ry mamy \u00a0wys\u0142a\u0107 road book.<\/p>\n<p>Uwaga : ok\u0142adka jak i strona road booka w opisie przedstawiaj\u0105 pogl\u0105dowy przebieg trasy.<\/p>\n<p>&nbsp;<\/p>\n","protected":false},"excerpt":{"rendered":"<p><a href=\"http:\/\/www.autodrom4x4.pl\/na-prezent\/wp-content\/uploads\/2020\/05\/Ok\u0142adka-RB-50-km-Autodrom-Autodrom-5.pdf\">Ok\u0142adka RB 50 km Autodrom-Autodrom<\/a><\/p>\n","protected":false},"featured_media":3111,"comment_status":"closed","ping_status":"closed","template":"","meta":[],"product_cat":[34],"product_tag":[],"class_list":{"0":"post-3098","1":"product","2":"type-product","3":"status-publish","4":"has-post-thumbnail","6":"product_cat-road-book","8":"first","9":"outofstock","10":"shipping-taxable","11":"purchasable","12":"product-type-simple"},"_links":{"self":[{"href":"https:\/\/autodrom4x4.pl\/offroad\/wp-json\/wp\/v2\/product\/3098"}],"collection":[{"href":"https:\/\/autodrom4x4.pl\/offroad\/wp-json\/wp\/v2\/product"}],"about":[{"href":"https:\/\/autodrom4x4.pl\/offroad\/wp-json\/wp\/v2\/types\/product"}],"replies":[{"embeddable":true,"href":"https:\/\/autodrom4x4.pl\/offroad\/wp-json\/wp\/v2\/comments?post=3098"}],"wp:featuredmedia":[{"embeddable":true,"href":"https:\/\/autodrom4x4.pl\/offroad\/wp-json\/wp\/v2\/media\/3111"}],"wp:attachment":[{"href":"https:\/\/autodrom4x4.pl\/offroad\/wp-json\/wp\/v2\/media?parent=3098"}],"wp:term":[{"taxonomy":"product_cat","embeddable":true,"href":"https:\/\/autodrom4x4.pl\/offroad\/wp-json\/wp\/v2\/product_cat?post=3098"},{"taxonomy":"product_tag","embeddable":true,"href":"https:\/\/autodrom4x4.pl\/offroad\/wp-json\/wp\/v2\/product_tag?post=3098"}],"curies":[{"name":"wp","href":"https:\/\/api.w.org\/{rel}","templated":true}]}}