{"id":3124,"date":"2020-05-15T22:37:19","date_gmt":"2020-05-15T20:37:19","guid":{"rendered":"http:\/\/www.autodrom4x4.pl\/na-prezent\/?post_type=product&#038;p=3124"},"modified":"2024-01-26T15:03:14","modified_gmt":"2024-01-26T14:03:14","slug":"road-book-120-km-poznan-baranowo-dole-villa-natura","status":"publish","type":"product","link":"https:\/\/autodrom4x4.pl\/offroad\/produkt\/road-book-120-km-poznan-baranowo-dole-villa-natura\/","title":{"rendered":"Road Book 120 km Pozna\u0144 Baranowo- Hotel  Villa Natura"},"content":{"rendered":"<p>Road Book turystyczny 120 km. Czas potrzebny na przejechanie trasy w zale\u017cno\u015bci od warunk\u00f3w pogodowych 5- 6 h.<\/p>\n<p>Doskona\u0142y przepis na wolne \u00a0przedpo\u0142udnie &#8211; zako\u0144czenie trasy w urokliwym miejscu : Hotel Villa Natura w Dolsku. Obiekt po\u0142o\u017cony na jeziorem, w sam raz ni\u0105 niedzielny spacer czy obiad z z bliskimi- tak\u017ce na \u015bwie\u017cym powietrzu.<\/p>\n<p>Tym razem ruszamy z Baranowa pod Poznaniem . Wsp\u00f3\u0142rz\u0119dne startu wpisane na ok\u0142adce- z miejsce widocznego w lewym \u00a0g\u00f3rnym \u00a0rogu ok\u0142adki, przy salonie Volvo.<\/p>\n<p>Trasa przebiega zachodni\u0105 cz\u0119\u015bci\u0105 Poznania, w kierunku Komornik, nast\u0119pnie Mosiny, K\u00f3rnika, \u015aremu, Ksi\u0105\u017ca Wlkp. Dolska. Nie wje\u017cd\u017camy do miast.<\/p>\n<p>Drogi asfaltowe- 10 %.Drogi polne , szutrowe, gruntowe- 90 %.<\/p>\n<p>Stopie\u0144 trudno\u015bci \u015bredni, w okresie wiosenno jesiennym i du\u017cych opad\u00f3w kilka odcink\u00f3w trudniejszych. Do pokonania ka\u017cdym suvem z nap\u0119dem 4&#215;4.<\/p>\n<p>Na trasie wiele zada\u0144 do wykonania + \u00a0foto safari. Stopie\u0144 trudno\u015bci : ka\u017cdy samoch\u00f3d z nap\u0119dem 4&#215;4, tak\u017ce suv.<\/p>\n<p>Doskona\u0142a zabawa dla ca\u0142ej rodziny. Do pokonania trasy konieczny jest \u00a0metromierz lub aplikacja w telefonie odmierzaj\u0105ca odleg\u0142o\u015b\u0107. Start i meta tor Autodrom4x4.<\/p>\n<p><strong>Road book wysy\u0142amy w wersji wydrukowanie, papierowej<\/strong> wraz z mi\u0142ym upominkiem. W formularzy zakupu prosimy poda\u0107 dane adresowe do wys\u0142ania road booka. NIe wysy\u0142amy road book\u00f3w w formie PDF.<\/p>\n<p>W formularzu zakupu prosimy o podanie adresu pocztowego na kt\u00f3ry mamy \u00a0wys\u0142a\u0107 road book, w rubryce dane &#8222;osoby obdarowanej &#8222;wpisujemy imi\u0119 i nazwisko osoby kupuj\u0105cej .<\/p>\n<p>Dodatkowy bonus : po zako\u0144czeniu trasy mo\u017cliwo\u015b\u0107 skorzystania z toru off road Autodrom4x4\u00ae za 1\/2 ceny ( 50 z\u0142). Odleg\u0142o\u015b\u0107 mety od toru Autodrom4x4\u00ae ok. 20 min. Aby skorzysta\u0107 z toru Autodrom4x4 konieczne jest wcze\u015bniejsze um\u00f3wienie si\u0119 oraz dost\u0119pno\u015b\u0107 toru w danym dniu : romanwasik@autodrom4x4.pl tel. 500595660.<\/p>\n<p>&nbsp;<\/p>\n","protected":false},"excerpt":{"rendered":"<p>Road Book turystyczny 120 km. Czas potrzebny na przejechanie trasy w zale\u017cno\u015bci od warunk\u00f3w pogodowych 5- 6 h. Doskona\u0142y przepis na wolne \u00a0przedpo\u0142udnie &#8211; zako\u0144czenie trasy w urokliwym miejscu : Hotel Villa Natura w Dolsku. Obiekt po\u0142o\u017cony na jeziorem, w sam raz ni\u0105 niedzielny spacer czy obiad z z bliskimi- tak\u017ce na \u015bwie\u017cym powietrzu. Tym [&hellip;]<\/p>\n","protected":false},"featured_media":3166,"comment_status":"closed","ping_status":"closed","template":"","meta":[],"product_cat":[34],"product_tag":[],"class_list":{"0":"post-3124","1":"product","2":"type-product","3":"status-publish","4":"has-post-thumbnail","6":"product_cat-road-book","8":"first","9":"outofstock","10":"sale","11":"shipping-taxable","12":"purchasable","13":"product-type-simple"},"_links":{"self":[{"href":"https:\/\/autodrom4x4.pl\/offroad\/wp-json\/wp\/v2\/product\/3124"}],"collection":[{"href":"https:\/\/autodrom4x4.pl\/offroad\/wp-json\/wp\/v2\/product"}],"about":[{"href":"https:\/\/autodrom4x4.pl\/offroad\/wp-json\/wp\/v2\/types\/product"}],"replies":[{"embeddable":true,"href":"https:\/\/autodrom4x4.pl\/offroad\/wp-json\/wp\/v2\/comments?post=3124"}],"wp:featuredmedia":[{"embeddable":true,"href":"https:\/\/autodrom4x4.pl\/offroad\/wp-json\/wp\/v2\/media\/3166"}],"wp:attachment":[{"href":"https:\/\/autodrom4x4.pl\/offroad\/wp-json\/wp\/v2\/media?parent=3124"}],"wp:term":[{"taxonomy":"product_cat","embeddable":true,"href":"https:\/\/autodrom4x4.pl\/offroad\/wp-json\/wp\/v2\/product_cat?post=3124"},{"taxonomy":"product_tag","embeddable":true,"href":"https:\/\/autodrom4x4.pl\/offroad\/wp-json\/wp\/v2\/product_tag?post=3124"}],"curies":[{"name":"wp","href":"https:\/\/api.w.org\/{rel}","templated":true}]}}