{"id":3157,"date":"2020-06-19T11:14:42","date_gmt":"2020-06-19T09:14:42","guid":{"rendered":"http:\/\/www.autodrom4x4.pl\/na-prezent\/?post_type=product&#038;p=3157"},"modified":"2025-02-17T09:09:04","modified_gmt":"2025-02-17T08:09:04","slug":"road-book-60-km","status":"publish","type":"product","link":"https:\/\/autodrom4x4.pl\/offroad\/produkt\/road-book-60-km\/","title":{"rendered":"Road Book 60 km Autodrom4x4-Autodrom4x4. Tam i z powrotem."},"content":{"rendered":"<p>Zapraszamy do skorzystania z kolejnej trasy w\/g road booka . Start i meta na torze Autorom 4&#215;4 .<\/p>\n<p>Tym razem ruszamy na po\u0142udnie , w okolice Gostynia. Z uwagi na do\u015b\u0107 trudny charakter trasy mimo stosunkowo nie du\u017cej d\u0142ugo\u015bci road booka czas potrzebny na jego przejechanie to min 4 godziny. Drogi asfaltowe 10%, drogi polne , szutrowe 90%, w okresie jesienno -wiosennym lub du\u017cych opad\u00f3w wskazany samoch\u00f3d z reduktorem.<\/p>\n<p>Tradycyjnie road book ze dodatkowymi zadaniami na trasie.<\/p>\n<p>Do jego przejechanie konieczny jest metromierz lub aplikacja w telefonie odmierzaj\u0105ca odleg\u0142o\u015b\u0107.<\/p>\n<p>Rozpocz\u0119cie i zako\u0144czenie trasy z otwartych parking\u00f3w toru, dost\u0119pnych \u00a024\/7.<\/p>\n<p><strong>Road Book wysy\u0142amy wy\u0142\u0105cznie w wersji papierowej, wydrukowanej,<\/strong> wraz z mi\u0142ym upominkiem.<\/p>\n<p>NIe wysy\u0142amy road book\u00f3w w formie PDF.<\/p>\n<p>W formularzu zakupu prosimy o podanie adresu pocztowego na kt\u00f3ry mamy \u00a0wys\u0142a\u0107 road book. W rubryce &#8222;dane osoby obdarowanej&#8221; prosz\u0119 wpisa\u0107 \u00a0imi\u0119 i nazwisko osoby kupuj\u0105cej .<\/p>\n<p>Uwaga : ok\u0142adka jak i strona road booka w opisie przedstawiaj\u0105 przypadkowy lub pogl\u0105dowy przebieg trasy.Po zako\u0144czeniu trasy mo\u017cliwo\u015b\u0107 skorzystania z toru Autodrom 4&#215;4 \u00ae za 1\/2 ceny- \u00a0wy\u0142\u0105cznie po wcze\u015bniejszym um\u00f3wieniu i dost\u0119pno\u015bci toru w danym dniu . Mail: \u00a0romanwasik@autodrom4x4.pl \u00a0tel.500595660<\/p>\n<p>&nbsp;<\/p>\n<p>&nbsp;<\/p>\n","protected":false},"excerpt":{"rendered":"<p>Zapraszamy do skorzystania z kolejnej trasy w\/g road booka . Start i meta na torze Autorom 4&#215;4 . Tym razem ruszamy na po\u0142udnie , w okolice Gostynia. Z uwagi na do\u015b\u0107 trudny charakter trasy mimo stosunkowo nie du\u017cej d\u0142ugo\u015bci road booka czas potrzebny na jego przejechanie to min 4 godziny. Drogi asfaltowe 10%, drogi polne [&hellip;]<\/p>\n","protected":false},"featured_media":3159,"comment_status":"closed","ping_status":"closed","template":"","meta":[],"product_cat":[34],"product_tag":[],"class_list":{"0":"post-3157","1":"product","2":"type-product","3":"status-publish","4":"has-post-thumbnail","6":"product_cat-road-book","8":"first","9":"outofstock","10":"purchasable","11":"product-type-simple"},"_links":{"self":[{"href":"https:\/\/autodrom4x4.pl\/offroad\/wp-json\/wp\/v2\/product\/3157"}],"collection":[{"href":"https:\/\/autodrom4x4.pl\/offroad\/wp-json\/wp\/v2\/product"}],"about":[{"href":"https:\/\/autodrom4x4.pl\/offroad\/wp-json\/wp\/v2\/types\/product"}],"replies":[{"embeddable":true,"href":"https:\/\/autodrom4x4.pl\/offroad\/wp-json\/wp\/v2\/comments?post=3157"}],"wp:featuredmedia":[{"embeddable":true,"href":"https:\/\/autodrom4x4.pl\/offroad\/wp-json\/wp\/v2\/media\/3159"}],"wp:attachment":[{"href":"https:\/\/autodrom4x4.pl\/offroad\/wp-json\/wp\/v2\/media?parent=3157"}],"wp:term":[{"taxonomy":"product_cat","embeddable":true,"href":"https:\/\/autodrom4x4.pl\/offroad\/wp-json\/wp\/v2\/product_cat?post=3157"},{"taxonomy":"product_tag","embeddable":true,"href":"https:\/\/autodrom4x4.pl\/offroad\/wp-json\/wp\/v2\/product_tag?post=3157"}],"curies":[{"name":"wp","href":"https:\/\/api.w.org\/{rel}","templated":true}]}}