{"id":3320,"date":"2020-12-15T18:24:31","date_gmt":"2020-12-15T17:24:31","guid":{"rendered":"http:\/\/www.autodrom4x4.pl\/na-prezent\/?post_type=product&#038;p=3320"},"modified":"2026-01-04T15:22:02","modified_gmt":"2026-01-04T14:22:02","slug":"szkolenie-jazdy-w-terenie-poziom-1-szkolenie-jazdy-w-terenie-poziom-2","status":"publish","type":"product","link":"https:\/\/autodrom4x4.pl\/offroad\/produkt\/szkolenie-jazdy-w-terenie-poziom-1-szkolenie-jazdy-w-terenie-poziom-2\/","title":{"rendered":"Szkolenie z techniki jazdy terenowej. Poziom 1."},"content":{"rendered":"<p>Zapraszam do skorzystania z propozycji profesjonalnego szkolenia jazdy w terenie poziom 1 .<br \/>\nJe\u015bli zamierzasz rozpocz\u0105\u0107 przygod\u0119 z off Road &#8211; rozpocznij j\u0105 od szkolenia !<br \/>\nZapraszamy na szkolenie jazdy w terenie dla os\u00f3b pocz\u0105tkuj\u0105cych .<br \/>\nNauczymy Ci\u0119 jak bezpiecznie porusza\u0107 si\u0119 w terenie oraz jak zadba\u0107 o sw\u00f3j pojazd. Jak wykorzystywa\u0107 wyposa\u017cenie Off Road i jak sobie radzi\u0107 bez niego .Je\u015bli jeszcze nie kupi\u0142e\u015b samochodu- doradzimy na co powiniene\u015b zwr\u00f3ci\u0107 uwag\u0119.<br \/>\nZaufaj naszemu do\u015bwiadczeniu i profesjonalizmowi.<br \/>\nPrzeszkolili\u015bmy wiele tysi\u0119cy os\u00f3b z zakresu jazdy terenowej na r\u00f3\u017cnych poziomach zaawansowania i ro\u017cnego rodzaju pojazdami.<br \/>\nNasze szkolenia oparte s\u0105 na autorskich programach szkoleniowych oraz kadrze do\u015bwiadczonych instruktor\u00f3w.<br \/>\nJeste\u015bmy legalnie dzia\u0142aj\u0105c\u0105 firm\u0105 i zajmujemy si\u0119 tym od ponad 13 lat.<br \/>\nSzkolenie odbywa si\u0119 na terenie toru Autodrom4x4 &#8211; obiektu przygotowanego do szkole\u0144 jazdy w terenie.<br \/>\nDo szkolenia wykorzystujemy samochody starszej i nowej generacji z manualnymi i automatycznymi skrzyniami bieg\u00f3w.<br \/>\nMo\u017cesz r\u00f3wnie\u017c w\u0142\u0105czy\u0107 w program szkolenia w\u0142asny samoch\u00f3d. Zapoznamy Cie z pe\u0142nymi mo\u017cliwo\u015bciami Twojego pojazdu .<br \/>\nZapraszamy tak\u017ce w\u0142a\u015bcicieli samochod\u00f3w SUV- jazda samochodem z segmentu Suv w warunkach terenowych r\u00f3wnie\u017c jest mo\u017cliwa i daje wiele satysfakcji! Zach\u0119camy do wykorzystania pe\u0142nych mo\u017cliwo\u015bci samoch\u00f3d\u00f3w SUV w warunkach terenowych bez zagro\u017cenia dla Waszych pojazd\u00f3w.<br \/>\nNa naszym szkoleniu dowiesz si\u0119 tak\u017ce jak przygotowa\u0107 samoch\u00f3d do powa\u017cniejszych wyzwa\u0144 terenowych .A je\u015bli nam zaufasz-r\u00f3wnie\u017c zajmiemy si\u0119 przygotowaniem Twojego pojazdu i wszelkimi modyfikacjami.<br \/>\nOferujemy szkolenie poziom 1, szkolenie poziom 2.<br \/>\nCENA OBEJMUJE JEDEN DZIE\u0143 SZKOLENIA POZIOM 1 \u00a0DLA JEDNEJ OSOBY.<\/p>\n<p>Program oraz harmonogram szkolenia s\u0105 chronione prawami Autorskimi. <strong>Przesy\u0142amy je drog\u0105 mailow\u0105 osob\u0105 zainteresowanym.<\/strong><\/p>\n<p>Nasze dzia\u0142ana zosta\u0142y docenione przez Interisk ubezpieczenia. Ka\u017cdy uczestnik otrzyma Voucher na zni\u017cki na ubezpieczenie samochodu, domu lub firmy<\/p>\n<p>WA\u017bN INFORMACJA : SZKOLENIE ODBYWA SI\u0118 W WYZNACZONYCH TERMINACH W GRUPACH MIN 3 OSOBOWYCH. W PRZYPADKU TEGO SZKOLENIA KONIECZNE JEST DO\u0141\u0104CZENIE DO GRUPY W TERMINIE USTALONYM PZREZ AUTODROM4X4. CZAS SZKOLENIA 7H.<\/p>\n<p>WA\u017bNO\u015a\u0106 ZAPROSZENIA 12 MIESI\u0118CY<\/p>\n<p><strong>JE\u015aLI MASZ PYTANIA W\/S TEGO SZKOLENIA \u00a0ZADZWO\u0143 POD NUMER 500595660.<\/strong><\/p>\n<p>&nbsp;<\/p>\n","protected":false},"excerpt":{"rendered":"<p><a href=\"http:\/\/www.autodrom4x4.pl\/na-prezent\/wp-content\/uploads\/2020\/12\/eVoucher_szkolenie-.jpg\"><img loading=\"lazy\" decoding=\"async\" class=\"alignnone size-medium wp-image-3321\" src=\"http:\/\/www.autodrom4x4.pl\/na-prezent\/wp-content\/uploads\/2020\/12\/eVoucher_szkolenie--300x143.jpg\" alt=\"\" width=\"300\" height=\"143\" srcset=\"https:\/\/autodrom4x4.pl\/offroad\/wp-content\/uploads\/2020\/12\/eVoucher_szkolenie--300x143.jpg 300w, https:\/\/autodrom4x4.pl\/offroad\/wp-content\/uploads\/2020\/12\/eVoucher_szkolenie--350x166.jpg 350w, https:\/\/autodrom4x4.pl\/offroad\/wp-content\/uploads\/2020\/12\/eVoucher_szkolenie--64x30.jpg 64w, https:\/\/autodrom4x4.pl\/offroad\/wp-content\/uploads\/2020\/12\/eVoucher_szkolenie--1024x487.jpg 1024w, https:\/\/autodrom4x4.pl\/offroad\/wp-content\/uploads\/2020\/12\/eVoucher_szkolenie--768x365.jpg 768w, https:\/\/autodrom4x4.pl\/offroad\/wp-content\/uploads\/2020\/12\/eVoucher_szkolenie-.jpg 1190w\" sizes=\"(max-width: 300px) 100vw, 300px\" \/><\/a><a href=\"http:\/\/www.autodrom4x4.pl\/na-prezent\/wp-content\/uploads\/2020\/12\/eVoucher_szkolenie-1.jpg\"><img loading=\"lazy\" decoding=\"async\" class=\"alignnone size-medium wp-image-3322\" src=\"http:\/\/www.autodrom4x4.pl\/na-prezent\/wp-content\/uploads\/2020\/12\/eVoucher_szkolenie-1-300x143.jpg\" alt=\"\" width=\"300\" height=\"143\" srcset=\"https:\/\/autodrom4x4.pl\/offroad\/wp-content\/uploads\/2020\/12\/eVoucher_szkolenie-1-300x143.jpg 300w, https:\/\/autodrom4x4.pl\/offroad\/wp-content\/uploads\/2020\/12\/eVoucher_szkolenie-1-350x166.jpg 350w, https:\/\/autodrom4x4.pl\/offroad\/wp-content\/uploads\/2020\/12\/eVoucher_szkolenie-1-64x30.jpg 64w, https:\/\/autodrom4x4.pl\/offroad\/wp-content\/uploads\/2020\/12\/eVoucher_szkolenie-1-1024x487.jpg 1024w, https:\/\/autodrom4x4.pl\/offroad\/wp-content\/uploads\/2020\/12\/eVoucher_szkolenie-1-768x365.jpg 768w, https:\/\/autodrom4x4.pl\/offroad\/wp-content\/uploads\/2020\/12\/eVoucher_szkolenie-1.jpg 1190w\" sizes=\"(max-width: 300px) 100vw, 300px\" \/><\/a><a href=\"http:\/\/www.autodrom4x4.pl\/na-prezent\/wp-content\/uploads\/2020\/12\/woucher-projekt.jpg\"><img loading=\"lazy\" decoding=\"async\" class=\"alignnone size-medium wp-image-3323\" src=\"http:\/\/www.autodrom4x4.pl\/na-prezent\/wp-content\/uploads\/2020\/12\/woucher-projekt-300x139.jpg\" alt=\"\" width=\"300\" height=\"139\" srcset=\"https:\/\/autodrom4x4.pl\/offroad\/wp-content\/uploads\/2020\/12\/woucher-projekt-300x139.jpg 300w, https:\/\/autodrom4x4.pl\/offroad\/wp-content\/uploads\/2020\/12\/woucher-projekt-350x162.jpg 350w, https:\/\/autodrom4x4.pl\/offroad\/wp-content\/uploads\/2020\/12\/woucher-projekt-1024x474.jpg 1024w, https:\/\/autodrom4x4.pl\/offroad\/wp-content\/uploads\/2020\/12\/woucher-projekt-768x356.jpg 768w, https:\/\/autodrom4x4.pl\/offroad\/wp-content\/uploads\/2020\/12\/woucher-projekt-1536x711.jpg 1536w, https:\/\/autodrom4x4.pl\/offroad\/wp-content\/uploads\/2020\/12\/woucher-projekt-2048x948.jpg 2048w\" sizes=\"(max-width: 300px) 100vw, 300px\" \/><\/a><\/p>\n","protected":false},"featured_media":3856,"comment_status":"closed","ping_status":"closed","template":"","meta":[],"product_cat":[25],"product_tag":[],"class_list":{"0":"post-3320","1":"product","2":"type-product","3":"status-publish","4":"has-post-thumbnail","6":"product_cat-szkolenia","8":"first","9":"outofstock","10":"taxable","11":"shipping-taxable","12":"purchasable","13":"product-type-simple"},"_links":{"self":[{"href":"https:\/\/autodrom4x4.pl\/offroad\/wp-json\/wp\/v2\/product\/3320"}],"collection":[{"href":"https:\/\/autodrom4x4.pl\/offroad\/wp-json\/wp\/v2\/product"}],"about":[{"href":"https:\/\/autodrom4x4.pl\/offroad\/wp-json\/wp\/v2\/types\/product"}],"replies":[{"embeddable":true,"href":"https:\/\/autodrom4x4.pl\/offroad\/wp-json\/wp\/v2\/comments?post=3320"}],"wp:featuredmedia":[{"embeddable":true,"href":"https:\/\/autodrom4x4.pl\/offroad\/wp-json\/wp\/v2\/media\/3856"}],"wp:attachment":[{"href":"https:\/\/autodrom4x4.pl\/offroad\/wp-json\/wp\/v2\/media?parent=3320"}],"wp:term":[{"taxonomy":"product_cat","embeddable":true,"href":"https:\/\/autodrom4x4.pl\/offroad\/wp-json\/wp\/v2\/product_cat?post=3320"},{"taxonomy":"product_tag","embeddable":true,"href":"https:\/\/autodrom4x4.pl\/offroad\/wp-json\/wp\/v2\/product_tag?post=3320"}],"curies":[{"name":"wp","href":"https:\/\/api.w.org\/{rel}","templated":true}]}}