{"id":3354,"date":"2021-01-22T19:43:19","date_gmt":"2021-01-22T18:43:19","guid":{"rendered":"http:\/\/www.autodrom4x4.pl\/na-prezent\/?post_type=product&#038;p=3354"},"modified":"2025-02-17T09:08:04","modified_gmt":"2025-02-17T08:08:04","slug":"road-book-gory-sowie-zamek-35-km","status":"publish","type":"product","link":"https:\/\/autodrom4x4.pl\/offroad\/produkt\/road-book-gory-sowie-zamek-35-km\/","title":{"rendered":"Road Book G\u00f3ry Sowie. Zamek .35 km"},"content":{"rendered":"<h2><\/h2>\n<p><b>Przygotowuj\u0105c nasze trasy turystyczne road book\u00f3w chcemy wprowadza\u0107 jak najwy\u017csze standardy off road.<\/b><\/p>\n<p><b>Oto kilka podstawowych zasad kt\u00f3re pozwol\u0105 na bezpieczne<span class=\"Apple-converted-space\">\u00a0 <\/span>a tak\u017ce nie inwazyjne korzystanie z naszych tras.<\/b><\/p>\n<p><b>Chcemy aby w\u0142a\u015bciciele samochod\u00f3w terenowych przestali by\u0107 postrzegani jako grupa nie szanuj\u0105ca przepis\u00f3w i cudzej w\u0142asno\u015bci.<\/b><\/p>\n<p><b>Zapoznajcie si\u0119 z poni\u017cszym regulaminem i \u017cyczymy Wam udanej zabawy.<\/b><\/p>\n<ol>\n<li><b><\/b><b>Korzystaj\u0105c z road booka zawsze przestrzegaj przepis\u00f3w ruchu drogowego.<\/b><\/li>\n<\/ol>\n<ol start=\"2\">\n<li>Jest to road book turystyczny. Jednak w niekt\u00f3rych okresach roku pewne<span class=\"Apple-converted-space\">\u00a0 <\/span>odcinki trasy mog\u0105 by\u0107 do\u015b\u0107 trudne do pokonania. We\u017a to pod uwag\u0119 planuj\u0105c wypraw\u0119.<span class=\"Apple-converted-space\">\u00a0<\/span><\/li>\n<\/ol>\n<ol start=\"3\">\n<li>Przygotowuj\u0105c tras\u0119 korzystali\u015bmy z dr\u00f3g i przejazd\u00f3w og\u00f3lnodost\u0119pnych .Wszystkie nasze trasy nie wymagaj\u0105 \u017cadnych zg\u00f3d lub pozwole\u0144. Istnieje jednak mo\u017cliwo\u015b\u0107, \u017ce niekt\u00f3re drogi z czasem mog\u0105 zmieni\u0107 oznakowanie lub zosta\u0107 zmienione.<\/li>\n<\/ol>\n<ol start=\"4\">\n<li>Zawsze przestrzegaj zasady poszanowania czyjej\u015b w\u0142asno\u015bci. Je\u015bli nie jeste\u015b pewien<span class=\"Apple-converted-space\">\u00a0 <\/span>czy mo\u017cesz jecha\u0107 dan\u0105 drog\u0105 zapytaj kogo\u015b lub popro\u015b o mo\u017cliwo\u015b\u0107 przejazdu. To zawsze dzia\u0142a .<\/li>\n<\/ol>\n<ol start=\"5\">\n<li>Je\u015bli droga prowadzi przez miejsce kt\u00f3re na pewno nie s\u0142u\u017cy<span class=\"Apple-converted-space\">\u00a0 <\/span>do przejazd\u00f3w samochodem ( las, pole, zakaz ruchu itp.) prawdopodobnie zab\u0142\u0105dzi\u0142e\u015b . Sprawd\u017a dobrze tras\u0119 kt\u00f3r\u0105 ju\u017c pokona\u0142e\u015b i odszukaj b\u0142\u0105d. Wr\u00f3\u0107 po swoich \u015bladach staraj\u0105c si\u0119 nie wyrz\u0105dzi\u0107 \u017cadnych<span class=\"Apple-converted-space\">\u00a0 <\/span>szk\u00f3d.<\/li>\n<\/ol>\n<ol start=\"6\">\n<li>Pami\u0119taj ,\u017ce Tw\u00f3j samoch\u00f3d jest wi\u0119kszy od wi\u0119kszo\u015bci pojazd\u00f3w na trasie kt\u00f3r\u0105 jedziesz. Ust\u0119puj miejsca mniejszym.<\/li>\n<\/ol>\n<ol start=\"7\">\n<li>Pozdrawiaj wszystkich kt\u00f3rych mijasz na szlaku off road. To mi\u0142y gest.<\/li>\n<\/ol>\n<ol start=\"8\">\n<li>Aby stworzy\u0107 ka\u017cdy z road booki<span class=\"Apple-converted-space\">\u00a0 <\/span>w\u0142o\u017cyli\u015bmy<span class=\"Apple-converted-space\">\u00a0 <\/span>w to nasz\u0105 prac\u0119 , czas, umiej\u0119tno\u015bci i do\u015bwiadczenie. Prosimy o nie udost\u0119pniania road booka<span class=\"Apple-converted-space\">\u00a0 <\/span>osobom nie powo\u0142anym i nie odpowiedzialnym. Nasz road book jest chroniony parwami autorskimi.<\/li>\n<\/ol>\n<p>Drogi asfaltowe- 30- %.Drogi polne , szutrowe, gruntowe- 70 %.<\/p>\n<p>Stopie\u0144 trudno\u015bci \u015bredni, w okresie wiosenno jesiennym i du\u017cych opad\u00f3w kilka odcink\u00f3w trudniejszych. Do pokonania ka\u017cdym suvem z nap\u0119dem 4\u00d74.<\/p>\n<p>Na trasie wiele miejsc do zwiedzania + \u00a0foto safari. Stopie\u0144 trudno\u015bci : ka\u017cdy samoch\u00f3d z nap\u0119dem 4\u00d74, tak\u017ce suv.<\/p>\n<p>Doskona\u0142a zabawa dla ca\u0142ej rodziny. Do pokonania trasy konieczny jest \u00a0metromierz lub aplikacja w telefonie odmierzaj\u0105ca odleg\u0142o\u015b\u0107. Start i meta tor Autodrom4x4.<\/p>\n<p><strong>Road book wysy\u0142amy\u00a0wy\u0142\u0105cznie\u00a0 w wersji wydrukowanie, papierowej<\/strong>\u00a0.<\/p>\n<p>W formularzy zakupu prosimy poda\u0107 dane adresowe do wys\u0142ania road booka.<\/p>\n<p>NIe wysy\u0142amy road book\u00f3w w formie PDF.<\/p>\n<p>W formularzu zakupu prosimy o podanie adresu pocztowego na kt\u00f3ry mamy \u00a0wys\u0142a\u0107 road book, w rubryce dane \u201eosoby obdarowanej \u201ewpisujemy imi\u0119 i nazwisko osoby kupuj\u0105cej .<\/p>\n<p><strong>Opis trasy :<\/strong><\/p>\n<p>Ruszamy<span class=\"Apple-converted-space\">\u00a0 <\/span>z miejscowo\u015bci Sokolec- ok 10 km od Walimia . Start przy Ober\u017cy PRL. Schabowe w Ober\u017cy<span class=\"Apple-converted-space\">\u00a0 <\/span>s\u0105 naprawd\u0119 imponuj\u0105ce \ud83d\ude42 . Wyje\u017cd\u017camy przez parking za Ober\u017c\u0105.<\/p>\n<p>Pocz\u0105tkowo jedziemy<span class=\"Apple-converted-space\">\u00a0 <\/span>g\u00f3rskimi, polnymi drogami do Wa\u0142brzycha kt\u00f3re w niekt\u00f3rych<\/p>\n<p><span class=\"Apple-converted-space\">\u00a0<\/span>porach roku mog\u0105 by\u0107 do\u015b\u0107 trudne. W Wa\u0142brzychu mo\u017cna zwiedzi\u0107 po drodze Palmiarni\u0119. Zako\u0144czenie przy Zamku Ksi\u0105\u017c. Czas samego przejazdu oko\u0142o 2 h.<\/p>\n<p>&nbsp;<\/p>\n<p><b>UDANEJ ZABAWY I DO ZOBACZENIA NA SZLAKU NoMoreGPS!<\/b><\/p>\n<p>Podana cena zawiera koszty wysy\u0142ki.<\/p>\n","protected":false},"excerpt":{"rendered":"<p>Przygotowuj\u0105c nasze trasy turystyczne road book\u00f3w chcemy wprowadza\u0107 jak najwy\u017csze standardy off road. Oto kilka podstawowych zasad kt\u00f3re pozwol\u0105 na bezpieczne\u00a0 a tak\u017ce nie inwazyjne korzystanie z naszych tras. Chcemy aby w\u0142a\u015bciciele samochod\u00f3w terenowych przestali by\u0107 postrzegani jako grupa nie szanuj\u0105ca przepis\u00f3w i cudzej w\u0142asno\u015bci. Zapoznajcie si\u0119 z poni\u017cszym regulaminem i \u017cyczymy Wam udanej zabawy. [&hellip;]<\/p>\n","protected":false},"featured_media":3356,"comment_status":"closed","ping_status":"closed","template":"","meta":[],"product_cat":[34],"product_tag":[],"class_list":{"0":"post-3354","1":"product","2":"type-product","3":"status-publish","4":"has-post-thumbnail","6":"product_cat-road-book","8":"first","9":"outofstock","10":"shipping-taxable","11":"purchasable","12":"product-type-simple"},"_links":{"self":[{"href":"https:\/\/autodrom4x4.pl\/offroad\/wp-json\/wp\/v2\/product\/3354"}],"collection":[{"href":"https:\/\/autodrom4x4.pl\/offroad\/wp-json\/wp\/v2\/product"}],"about":[{"href":"https:\/\/autodrom4x4.pl\/offroad\/wp-json\/wp\/v2\/types\/product"}],"replies":[{"embeddable":true,"href":"https:\/\/autodrom4x4.pl\/offroad\/wp-json\/wp\/v2\/comments?post=3354"}],"wp:featuredmedia":[{"embeddable":true,"href":"https:\/\/autodrom4x4.pl\/offroad\/wp-json\/wp\/v2\/media\/3356"}],"wp:attachment":[{"href":"https:\/\/autodrom4x4.pl\/offroad\/wp-json\/wp\/v2\/media?parent=3354"}],"wp:term":[{"taxonomy":"product_cat","embeddable":true,"href":"https:\/\/autodrom4x4.pl\/offroad\/wp-json\/wp\/v2\/product_cat?post=3354"},{"taxonomy":"product_tag","embeddable":true,"href":"https:\/\/autodrom4x4.pl\/offroad\/wp-json\/wp\/v2\/product_tag?post=3354"}],"curies":[{"name":"wp","href":"https:\/\/api.w.org\/{rel}","templated":true}]}}