{"id":3800,"date":"2021-05-04T12:42:51","date_gmt":"2021-05-04T10:42:51","guid":{"rendered":"https:\/\/autodrom4x4.pl\/offroad\/?post_type=product&#038;p=3800"},"modified":"2024-01-26T14:59:53","modified_gmt":"2024-01-26T13:59:53","slug":"road-book-99-km-exploseum","status":"publish","type":"product","link":"https:\/\/autodrom4x4.pl\/offroad\/produkt\/road-book-99-km-exploseum\/","title":{"rendered":"Road book Exploseum .99 km."},"content":{"rendered":"<p><b>Przygotowuj\u0105c nasze trasy turystyczne road book\u00f3w chcemy wprowadza\u0107 jak najwy\u017csze standardy off road.<\/b><\/p>\n<p><b>Oto kilka podstawowych zasad kt\u00f3re pozwol\u0105 na bezpieczne<span class=\"Apple-converted-space\">\u00a0 <\/span>a tak\u017ce nie inwazyjne korzystanie z naszych tras.<\/b><\/p>\n<p><b>Chcemy aby w\u0142a\u015bciciele samochod\u00f3w terenowych przestali by\u0107 postrzegani jako grupa nie szanuj\u0105ca przepis\u00f3w i cudzej w\u0142asno\u015bci.<\/b><\/p>\n<p><b>Zapoznajcie si\u0119 z poni\u017cszym regulaminem i \u017cyczymy Wam udanej zabawy.<\/b><\/p>\n<ol>\n<li><b><\/b><b>Korzystaj\u0105c z road booka zawsze przestrzegaj przepis\u00f3w ruchu drogowego.<\/b><\/li>\n<\/ol>\n<ol start=\"2\">\n<li>Jest to road book turystyczny. Jednak w niekt\u00f3rych okresach roku pewne<span class=\"Apple-converted-space\">\u00a0 <\/span>odcinki trasy mog\u0105 by\u0107 do\u015b\u0107 trudne do pokonania. We\u017a to pod uwag\u0119 planuj\u0105c wypraw\u0119.<span class=\"Apple-converted-space\">\u00a0<\/span><\/li>\n<\/ol>\n<ol start=\"3\">\n<li>Przygotowuj\u0105c tras\u0119 korzystali\u015bmy z dr\u00f3g i przejazd\u00f3w og\u00f3lnodost\u0119pnych .Wszystkie nasze trasy nie wymagaj\u0105 \u017cadnych zg\u00f3d lub pozwole\u0144. Istnieje jednak mo\u017cliwo\u015b\u0107, \u017ce niekt\u00f3re drogi z czasem mog\u0105 zmieni\u0107 oznakowanie lub zosta\u0107 zmienione.<\/li>\n<\/ol>\n<ol start=\"4\">\n<li>Zawsze przestrzegaj zasady poszanowania czyjej\u015b w\u0142asno\u015bci. Je\u015bli nie jeste\u015b pewien<span class=\"Apple-converted-space\">\u00a0 <\/span>czy mo\u017cesz jecha\u0107 dan\u0105 drog\u0105 zapytaj kogo\u015b lub popro\u015b o mo\u017cliwo\u015b\u0107 przejazdu. To zawsze dzia\u0142a .<\/li>\n<\/ol>\n<ol start=\"5\">\n<li>Je\u015bli droga prowadzi przez miejsce kt\u00f3re na pewno nie s\u0142u\u017cy<span class=\"Apple-converted-space\">\u00a0 <\/span>do przejazd\u00f3w samochodem ( las, pole, zakaz ruchu itp.) prawdopodobnie zab\u0142\u0105dzi\u0142e\u015b . Sprawd\u017a dobrze tras\u0119 kt\u00f3r\u0105 ju\u017c pokona\u0142e\u015b i odszukaj b\u0142\u0105d. Wr\u00f3\u0107 po swoich \u015bladach staraj\u0105c si\u0119 nie wyrz\u0105dzi\u0107 \u017cadnych<span class=\"Apple-converted-space\">\u00a0 <\/span>szk\u00f3d.<\/li>\n<\/ol>\n<ol start=\"6\">\n<li>Pami\u0119taj ,\u017ce Tw\u00f3j samoch\u00f3d jest wi\u0119kszy od wi\u0119kszo\u015bci pojazd\u00f3w na trasie kt\u00f3r\u0105 jedziesz. Ust\u0119puj miejsca mniejszym.<\/li>\n<\/ol>\n<ol start=\"7\">\n<li>Pozdrawiaj wszystkich kt\u00f3rych mijasz na szlaku off road. To mi\u0142y gest.<\/li>\n<\/ol>\n<ol start=\"8\">\n<li>Aby stworzy\u0107 ka\u017cdy z road booki<span class=\"Apple-converted-space\">\u00a0 <\/span>w\u0142o\u017cyli\u015bmy<span class=\"Apple-converted-space\">\u00a0 <\/span>w to nasz\u0105 prac\u0119 , czas, umiej\u0119tno\u015bci i do\u015bwiadczenie. Prosimy o nie udost\u0119pniania road booka<span class=\"Apple-converted-space\">\u00a0 <\/span>osobom nie powo\u0142anym i nie odpowiedzialnym. Nasz road book jest chroniony parwami autorskimi.<\/li>\n<\/ol>\n<p>Drogi asfaltowe- 30- %.Drogi polne , szutrowe, gruntowe- 70 %.<\/p>\n<p>Stopie\u0144 trudno\u015bci \u015bredni, w okresie wiosenno jesiennym i du\u017cych opad\u00f3w kilka odcink\u00f3w trudniejszych. Do pokonania ka\u017cdym suvem z nap\u0119dem 4\u00d74.<\/p>\n<p>Na trasie wiele miejsc do zwiedzania + \u00a0foto safari. Stopie\u0144 trudno\u015bci : ka\u017cdy samoch\u00f3d z nap\u0119dem 4\u00d74, tak\u017ce suv.<\/p>\n<p>Doskona\u0142a zabawa dla ca\u0142ej rodziny. Do pokonania trasy konieczny jest \u00a0metromierz lub aplikacja w telefonie odmierzaj\u0105ca odleg\u0142o\u015b\u0107. Start i meta tor Autodrom4x4.<\/p>\n<p><strong>Road book wysy\u0142amy\u00a0wy\u0142\u0105cznie\u00a0 w wersji wydrukowanie, papierowej<\/strong>\u00a0.<\/p>\n<p>W formularzy zakupu prosimy poda\u0107 dane adresowe do wys\u0142ania road booka.<\/p>\n<p>Nie wysy\u0142amy road book\u00f3w w formie PDF.<\/p>\n<p>W formularzu zakupu prosimy o podanie adresu pocztowego na kt\u00f3ry mamy \u00a0wys\u0142a\u0107 road book, w rubryce dane \u201eosoby obdarowanej \u201ewpisujemy imi\u0119 i nazwisko osoby kupuj\u0105cej .<\/p>\n<p>Opis trasy<\/p>\n<div class=\"o9v6fnle cxmmr5t8 oygrvhab hcukyx3x c1et5uql\">Trasa turystyczna, off road , krajoznawcza , biegn\u0105ca malowniczymi zak\u0105tkami Wielkopolski.<br \/>\nRozpoczyna si\u0119 na stacji paliw LOTOS w Gnie\u017anie-kierunek Bydgoszcz \/Toru\u0144<br \/>\n<a class=\"oajrlxb2 g5ia77u1 qu0x051f esr5mh6w e9989ue4 r7d6kgcz rq0escxv nhd2j8a9 nc684nl6 p7hjln8o kvgmc6g5 cxmmr5t8 oygrvhab hcukyx3x jb3vyjys rz4wbd8a qt6c0cv9 a8nywdso i1ao9s8h esuyzwwr f1sip0of lzcic4wl py34i1dx gpro0wi8\" tabindex=\"0\" role=\"link\" href=\"https:\/\/goo.gl\/maps\/qmGLPA5T1nWM9XK88?fbclid=IwAR0A6T-Ah5upEB1FuK82k1Wr9Ih3z8jgK_AYFWLvEG7EXEqVBKw3PdleWaM\" target=\"_blank\" rel=\"nofollow noopener\">https:\/\/goo.gl\/maps\/qmGLPA5T1nWM9XK88<\/a><\/div>\n<div class=\"o9v6fnle cxmmr5t8 oygrvhab hcukyx3x c1et5uql\">Stamt\u0105d bezdro\u017cami docieramy do takich miejsc jak Muzeum Archeologiczne w Biskupinie<br \/>\n<a class=\"oajrlxb2 g5ia77u1 qu0x051f esr5mh6w e9989ue4 r7d6kgcz rq0escxv nhd2j8a9 nc684nl6 p7hjln8o kvgmc6g5 cxmmr5t8 oygrvhab hcukyx3x jb3vyjys rz4wbd8a qt6c0cv9 a8nywdso i1ao9s8h esuyzwwr f1sip0of lzcic4wl py34i1dx gpro0wi8\" tabindex=\"0\" role=\"link\" href=\"https:\/\/www.biskupin.pl\/?fbclid=IwAR0NefxAANtCxqQFFltW7z8wbDbEkKfUd4yC8wpVeKx3mak7hFT2fM91Qic\" target=\"_blank\" rel=\"nofollow noopener\">https:\/\/www.biskupin.pl<\/a><br \/>\nRuiny zamku oraz muzeum Kolei W\u0105skotorowej w Wenecji<br \/>\n<a class=\"oajrlxb2 g5ia77u1 qu0x051f esr5mh6w e9989ue4 r7d6kgcz rq0escxv nhd2j8a9 nc684nl6 p7hjln8o kvgmc6g5 cxmmr5t8 oygrvhab hcukyx3x jb3vyjys rz4wbd8a qt6c0cv9 a8nywdso i1ao9s8h esuyzwwr f1sip0of lzcic4wl py34i1dx gpro0wi8\" tabindex=\"0\" role=\"link\" href=\"http:\/\/www.muzeumznin.pl\/?fbclid=IwAR2eLlJZtN3z20iQECq22rFcDPORv-gd2TJH2sEru29s9TeXH5of1Ujry24\" target=\"_blank\" rel=\"nofollow noopener\">http:\/\/www.muzeumznin.pl<\/a><br \/>\nNa ko\u0144cu trasy czeka cel naszej podr\u00f3\u017cy &#8211; st\u0105d te\u017c ten nie codzienny tytu\u0142 : powsta\u0142a w latach 1939-1945 jedna z najwi\u0119kszych w Europie fabryka materia\u0142\u00f3w wybuchowych III Rzeszy(Eksploseum)<br \/>\n<a class=\"oajrlxb2 g5ia77u1 qu0x051f esr5mh6w e9989ue4 r7d6kgcz rq0escxv nhd2j8a9 nc684nl6 p7hjln8o kvgmc6g5 cxmmr5t8 oygrvhab hcukyx3x jb3vyjys rz4wbd8a qt6c0cv9 a8nywdso i1ao9s8h esuyzwwr f1sip0of lzcic4wl py34i1dx gpro0wi8\" tabindex=\"0\" role=\"link\" href=\"https:\/\/l.facebook.com\/l.php?u=http%3A%2F%2Fwww.exploseum.pl%2F%3Ffbclid%3DIwAR3PoQoGz7LRUuCOVMNXxKdOMt5BdsN9wrAM6APmwv85J1MtWDEP9D_83Oo&amp;h=AT0_PcZ-KX66JsSDoSr83snX_lm03wGeUiswZ51lkxJzRJ8SkuvBju7l_S3KPaobu1E6NemWPcg285qfBFG-4FK04cQrGE_lD42vUCULd-mmridVmS8VTGBWcquqXhqXldW56SFJDw&amp;__tn__=q&amp;c[0]=AT3cnRmWyZ74FucRhu3usA4xrmPmzo0XislDxXke5dRFrfwJkJn9XKCckfCavujpG5Nv4yxOJ6c27DjxU5gKGyFimqFkTpujYEv0H44Ixkq1B4TjNl78urQiMP1m0fUnsXPXX5CfKAcA6Nrws3b6twtqLVRLqPQQYNTRxgDfx0Gn-kn9\" target=\"_blank\" rel=\"nofollow noopener\">http:\/\/www.exploseum.pl<\/a><\/div>\n<div class=\"o9v6fnle cxmmr5t8 oygrvhab hcukyx3x c1et5uql\">I wszystko to z road bookiem w d\u0142oni!<br \/>\nTylko z NoMoreGPS off road taki jak go wymy\u015blono-bez nawigacji, bez GPS i \u015blad\u00f3w rysowanych w internecie cz\u0119sto bez wychodzenia .<br \/>\nKa\u017cda nasza trasa naszym autorski projektem chronionym prawami autorskimi. Najpierw j\u0105 planujemy, potem sprawdzamy , nast\u0119pnie przygotowujemy ,i wykonujemy z tego profesjonalny, tradycyjny, papierowy road book.<br \/>\nA efektem tego jest doskona\u0142a przygoda dla ca\u0142ej rodziny.<b>UDANEJ ZABAWY I DO ZOBACZENIA NA SZLAKU NoMoreGPS!<\/b>Podana cena zawiera koszty wysy\u0142ki.<\/div>\n<div><\/div>\n<p>&nbsp;<\/p>\n","protected":false},"excerpt":{"rendered":"<p>Przygotowuj\u0105c nasze trasy turystyczne road book\u00f3w chcemy wprowadza\u0107 jak najwy\u017csze standardy off road. Oto kilka podstawowych zasad kt\u00f3re pozwol\u0105 na bezpieczne\u00a0 a tak\u017ce nie inwazyjne korzystanie z naszych tras. Chcemy aby w\u0142a\u015bciciele samochod\u00f3w terenowych przestali by\u0107 postrzegani jako grupa nie szanuj\u0105ca przepis\u00f3w i cudzej w\u0142asno\u015bci. Zapoznajcie si\u0119 z poni\u017cszym regulaminem i \u017cyczymy Wam udanej zabawy. [&hellip;]<\/p>\n","protected":false},"featured_media":3801,"comment_status":"closed","ping_status":"closed","template":"","meta":[],"product_cat":[34],"product_tag":[],"class_list":{"0":"post-3800","1":"product","2":"type-product","3":"status-publish","4":"has-post-thumbnail","6":"product_cat-road-book","8":"first","9":"instock","10":"sale","11":"taxable","12":"shipping-taxable","13":"purchasable","14":"product-type-simple"},"_links":{"self":[{"href":"https:\/\/autodrom4x4.pl\/offroad\/wp-json\/wp\/v2\/product\/3800"}],"collection":[{"href":"https:\/\/autodrom4x4.pl\/offroad\/wp-json\/wp\/v2\/product"}],"about":[{"href":"https:\/\/autodrom4x4.pl\/offroad\/wp-json\/wp\/v2\/types\/product"}],"replies":[{"embeddable":true,"href":"https:\/\/autodrom4x4.pl\/offroad\/wp-json\/wp\/v2\/comments?post=3800"}],"wp:featuredmedia":[{"embeddable":true,"href":"https:\/\/autodrom4x4.pl\/offroad\/wp-json\/wp\/v2\/media\/3801"}],"wp:attachment":[{"href":"https:\/\/autodrom4x4.pl\/offroad\/wp-json\/wp\/v2\/media?parent=3800"}],"wp:term":[{"taxonomy":"product_cat","embeddable":true,"href":"https:\/\/autodrom4x4.pl\/offroad\/wp-json\/wp\/v2\/product_cat?post=3800"},{"taxonomy":"product_tag","embeddable":true,"href":"https:\/\/autodrom4x4.pl\/offroad\/wp-json\/wp\/v2\/product_tag?post=3800"}],"curies":[{"name":"wp","href":"https:\/\/api.w.org\/{rel}","templated":true}]}}