{"id":3884,"date":"2021-11-23T08:58:24","date_gmt":"2021-11-23T07:58:24","guid":{"rendered":"https:\/\/autodrom4x4.pl\/offroad\/?post_type=product&#038;p=3884"},"modified":"2025-12-07T07:09:36","modified_gmt":"2025-12-07T06:09:36","slug":"szkolenie-personalizowane-z-techniki-jazdy-w-terenie-poziom-2","status":"publish","type":"product","link":"https:\/\/autodrom4x4.pl\/offroad\/produkt\/szkolenie-personalizowane-z-techniki-jazdy-w-terenie-poziom-2\/","title":{"rendered":"Szkolenie personalizowane z techniki jazdy w terenie poziom 2."},"content":{"rendered":"<p>Podczas tego szkolenia wykorzystujemy nasz bazowy program szkole\u0144 poziom 2 .<\/p>\n<p>PROGRAM SZKOLENIA WYSY\u0141AMY OSOBOM \u00a0ZAINTERESOWANYM.<\/p>\n<p>Szkolenie \u00a0odbywa si\u0119 w systemie : jeden instruktor, jeden kursant, dwa samochody!<\/p>\n<p>Nauczymy Ci\u0119 jak bezpiecznie porusza\u0107 si\u0119 w terenie oraz jak zadba\u0107 o sw\u00f3j pojazd. Jak wykorzystywa\u0107 wyposa\u017cenie Off Road i jak sobie radzi\u0107 bez niego .Je\u015bli jeszcze nie kupi\u0142e\u015b samochodu- doradzimy na co powiniene\u015b zwr\u00f3ci\u0107 uwag\u0119.<br \/>\nZaufaj naszemu do\u015bwiadczeniu i profesjonalizmowi.<br \/>\nPrzeszkolili\u015bmy wiele tysi\u0119cy os\u00f3b z zakresu jazdy terenowej na r\u00f3\u017cnych poziomach zaawansowania i ro\u017cnego rodzaju pojazdami.<br \/>\nNasze szkolenia oparte s\u0105 na autorskich programach szkoleniowych oraz kadrze do\u015bwiadczonych instruktor\u00f3w.<br \/>\nJeste\u015bmy legalnie dzia\u0142aj\u0105c\u0105 firm\u0105 i zajmujemy si\u0119 tym od ponad 13 lat.<br \/>\nSzkolenie odbywa si\u0119 na terenie toru Autodrom4x4 \u2013 obiektu przygotowanego do szkole\u0144 jazdy w terenie.<br \/>\nDo szkolenia wykorzystujemy samochody starszej i nowej generacji z manualnymi i automatycznymi skrzyniami bieg\u00f3w.<br \/>\nMo\u017cesz r\u00f3wnie\u017c w\u0142\u0105czy\u0107 w program szkolenia w\u0142asny samoch\u00f3d. Zapoznamy Cie z pe\u0142nymi mo\u017cliwo\u015bciami Twojego pojazdu .<br \/>\nZapraszamy tak\u017ce w\u0142a\u015bcicieli samochod\u00f3w SUV- jazda samochodem z segmentu Suv w warunkach terenowych r\u00f3wnie\u017c jest mo\u017cliwa i daje wiele satysfakcji! Zach\u0119camy do wykorzystania pe\u0142nych mo\u017cliwo\u015bci samoch\u00f3d\u00f3w SUV w warunkach terenowych bez zagro\u017cenia dla Waszych pojazd\u00f3w.<br \/>\nNa naszym szkoleniu dowiesz si\u0119 tak\u017ce jak przygotowa\u0107 samoch\u00f3d do powa\u017cniejszych wyzwa\u0144 terenowych .A je\u015bli nam zaufasz-r\u00f3wnie\u017c zajmiemy si\u0119 przygotowaniem Twojego pojazdu i wszelkimi modyfikacjami.<\/p>\n<p>WA\u017bNA INFORMACJA : SZKOLENIE PERSONALIZOWANE ODBYWA SIE W DOGODNYM DLA UCZESTNIKA TERMINIE. SZKOLI JEDEN INSTRUKTOR JEDNEGO KURSANA. DO SZKOLENIA WYKORZYSTUJEMY DWA SAMOCHODY. W TRAKCIE SZKOLENIA PRZERWY KAWOWE \u00a0S\u0104 W LICZONE W KOSZTY SZKOLENIA.<\/p>\n<p><strong>W SZKOLENIU MO\u017bE WZI\u0104\u0106 UDZIA\u0141 OSOBA TOWARZYSZ\u0104CA\/DWIE OSOBY.<\/strong><\/p>\n<p>CZAS \u00a0SZKOLENIA OKO\u0141O 6 H.<\/p>\n<p>&nbsp;<\/p>\n<p>WA\u017bNO\u015a\u0106 ZAPROSZENIA 12 MIESI\u0118CY<\/p>\n<p><strong>JE\u015aLI MASZ PYTANIA W\/S TEGO SZKOLENIA \u00a0ZADZWO\u0143 POD NUMER 500595660.<\/strong><\/p>\n","protected":false},"excerpt":{"rendered":"<p>Podczas tego szkolenia wykorzystujemy nasz bazowy program szkole\u0144 poziom 2 . PROGRAM SZKOLENIA WYSY\u0141AMY OSOBOM \u00a0ZAINTERESOWANYM. Szkolenie \u00a0odbywa si\u0119 w systemie : jeden instruktor, jeden kursant, dwa samochody! Nauczymy Ci\u0119 jak bezpiecznie porusza\u0107 si\u0119 w terenie oraz jak zadba\u0107 o sw\u00f3j pojazd. Jak wykorzystywa\u0107 wyposa\u017cenie Off Road i jak sobie radzi\u0107 bez niego .Je\u015bli jeszcze [&hellip;]<\/p>\n","protected":false},"featured_media":4490,"comment_status":"closed","ping_status":"closed","template":"","meta":[],"product_cat":[25],"product_tag":[],"class_list":{"0":"post-3884","1":"product","2":"type-product","3":"status-publish","4":"has-post-thumbnail","6":"product_cat-szkolenia","8":"first","9":"instock","10":"sale","11":"taxable","12":"shipping-taxable","13":"purchasable","14":"product-type-simple"},"_links":{"self":[{"href":"https:\/\/autodrom4x4.pl\/offroad\/wp-json\/wp\/v2\/product\/3884"}],"collection":[{"href":"https:\/\/autodrom4x4.pl\/offroad\/wp-json\/wp\/v2\/product"}],"about":[{"href":"https:\/\/autodrom4x4.pl\/offroad\/wp-json\/wp\/v2\/types\/product"}],"replies":[{"embeddable":true,"href":"https:\/\/autodrom4x4.pl\/offroad\/wp-json\/wp\/v2\/comments?post=3884"}],"wp:featuredmedia":[{"embeddable":true,"href":"https:\/\/autodrom4x4.pl\/offroad\/wp-json\/wp\/v2\/media\/4490"}],"wp:attachment":[{"href":"https:\/\/autodrom4x4.pl\/offroad\/wp-json\/wp\/v2\/media?parent=3884"}],"wp:term":[{"taxonomy":"product_cat","embeddable":true,"href":"https:\/\/autodrom4x4.pl\/offroad\/wp-json\/wp\/v2\/product_cat?post=3884"},{"taxonomy":"product_tag","embeddable":true,"href":"https:\/\/autodrom4x4.pl\/offroad\/wp-json\/wp\/v2\/product_tag?post=3884"}],"curies":[{"name":"wp","href":"https:\/\/api.w.org\/{rel}","templated":true}]}}