{"id":4199,"date":"2024-02-19T17:07:50","date_gmt":"2024-02-19T16:07:50","guid":{"rendered":"https:\/\/autodrom4x4.pl\/offroad\/?post_type=product&#038;p=4199"},"modified":"2025-12-07T07:06:49","modified_gmt":"2025-12-07T06:06:49","slug":"indywidualne-szkolenie-dedykowane-hilux","status":"publish","type":"product","link":"https:\/\/autodrom4x4.pl\/offroad\/produkt\/indywidualne-szkolenie-dedykowane-hilux\/","title":{"rendered":"Indywidualne szkolenie dedykowane HILUX"},"content":{"rendered":"<p>Co dok\u0142adnie oznacza nap\u0119d 2H, 4h, 4L? Jak dzia\u0142a nap\u0119d 4\u00d74, n\u0119p\u0119d 4\u00d74 w trybie reduktora a jak bez tego? Jak go u\u017cywa\u0107 samochodu ze skrzynia redukcyjn\u0105, jak wykorzysta\u0107 jego mo\u017cliwo\u015bci? Jakie funkcje terenowe posiada Toyota Hilux i kiedy i w jaki spos\u00f3b je aktywowa\u0107?<\/p>\n<p>Na tym znamy si\u0119 bardzo dobrze. W ci\u0105gu jednego dnia szkolenia sprawimy, \u017ce zaprzyja\u017anisz si\u0119 ze swoim Hiluxem, poznasz jego mo\u017cliwo\u015bci a tak\u017ce w znaczy stopniu podniesiesz umiej\u0119tno\u015bci jazdy terenowej .<\/p>\n<p>Do tego szkolenia szkolenia wykorzystamy Tw\u00f3j samoch\u00f3d Hilux- tak wi\u0119c poznasz samoch\u00f3d, jego w\u0142a\u015bciwo\u015bci \u00a0terenowe, systemy wspomagaj\u0105ce jazd\u0119 na drodze i w terenie, w\u0142asne mo\u017cliwo\u015bci poruszania si\u0119 w trudnych warunkach terenowych.<\/p>\n<p>Je\u015bli jeszcze nie masz Hiluxa- nic straconego. Przeprowadzimy szkolenie na naszym poje\u017adzie.<\/p>\n<p>Nauczymy Ci\u0119 jak bezpiecznie porusza\u0107 si\u0119 w terenie oraz jak zadba\u0107 o sw\u00f3j pojazd. Jak wykorzystywa\u0107 wyposa\u017cenie Off Road i jak sobie radzi\u0107 bez niego.<br \/>\nZaufaj naszemu do\u015bwiadczeniu i profesjonalizmowi.<br \/>\nPrzeszkolili\u015bmy wiele tysi\u0119cy os\u00f3b z zakresu jazdy terenowej na r\u00f3\u017cnych poziomach zaawansowania i ro\u017cnego rodzaju pojazdami.<br \/>\nNasze szkolenia oparte s\u0105 na autorskich programach szkoleniowych oraz kadrze do\u015bwiadczonych instruktor\u00f3w.<\/p>\n<p><strong>Nasza wiedza na temat \u00a0TOYOTY HILUX wynika z faktu, \u017ce zostali\u015bmy wybrani przez TOYOTA MOTOR POLAND \u00a0do przeprowadzenia szkolenia produktowego dla sieci handlowej na tym poje\u017adzie. Znamy ten samoch\u00f3d, znamy ka\u017cdy z jego podzespo\u0142\u00f3w, ka\u017cd\u0105 z jego funkcji<\/strong> !<\/p>\n<p>Jeste\u015bmy legalnie dzia\u0142aj\u0105c\u0105 firm\u0105 i zajmujemy si\u0119 szkoleniami \u00a0od ponad 15 lat.<br \/>\nSzkolenie odbywa si\u0119 na terenie toru Autodrom4x4 \u2013 obiektu przygotowanego do szkole\u0144 jazdy w terenie.<br \/>\nNa naszym szkoleniu dowiesz si\u0119 tak\u017ce jak przygotowa\u0107 samoch\u00f3d do powa\u017cniejszych wyzwa\u0144 terenowych. A je\u015bli nam zaufasz-r\u00f3wnie\u017c zajmiemy si\u0119 przygotowaniem Twojego pojazdu i wszelkimi modyfikacjami.<\/p>\n<p>Podczas tego szkolenia wykorzystujemy nasz bazowy program szkole\u0144 poziom 1 kt\u00f3ry wysy\u0142amy osobom zainteresowanym szkoleniem. Powy\u017csze szkolenie dotyczy obs\u0142ugi samochodu Toyota Hilux oraz techniki jazdy terenowej stopie\u0144 1.<\/p>\n<p>Szkolenie odbywa si\u0119 w systemie 1 kursant-1 i instruktor.<\/p>\n<p>Nasze programy szkole\u0144 s\u0105 dzie\u0142ami autorskimi chronionymi prawami autorskimi.<\/p>\n<p>WA\u017bNA INFORMACJA: SZKOLENIE DEDYKOWANE \u201eHILUX\u201d ODBYWA SI\u0118 W DOGODNYM DLA UCZESTNIKA TERMINIE. SZKOLI JEDEN INSTRUKTOR JEDNEGO KURSANTA. W TRAKCIE SZKOLENIA PRZERWY KAWOWE S\u0104 WLICZONE W KOSZTY SZKOLENIA.<\/p>\n<p>Oferta cenowa dotyczy szkolenia na samochodzie osoby szkol\u0105cej si\u0119.<\/p>\n<p><strong>W SZKOLENIU MO\u017bE WZI\u0104\u0106 UDZIA\u0141 OSOBA TOWARZYSZ\u0104CA <\/strong>bez dodatkowych koszt\u00f3w.<\/p>\n<p>CZAS SZKOLENIA 7 H.<\/p>\n<p>SZKOLENIE W FORMIE VOUCHER\u00d3W PREZENTOWYCH.<\/p>\n<p>WA\u017bNO\u015a\u0106 ZAPROSZENIA 12 MIESI\u0118CY<\/p>\n","protected":false},"excerpt":{"rendered":"<p>Co dok\u0142adnie oznacza nap\u0119d 2H, 4h, 4L? Jak dzia\u0142a nap\u0119d 4\u00d74, n\u0119p\u0119d 4\u00d74 w trybie reduktora a jak bez tego? Jak go u\u017cywa\u0107 samochodu ze skrzynia redukcyjn\u0105, jak wykorzysta\u0107 jego mo\u017cliwo\u015bci? Jakie funkcje terenowe posiada Toyota Hilux i kiedy i w jaki spos\u00f3b je aktywowa\u0107? Na tym znamy si\u0119 bardzo dobrze. W ci\u0105gu jednego dnia [&hellip;]<\/p>\n","protected":false},"featured_media":4605,"comment_status":"closed","ping_status":"closed","template":"","meta":[],"product_cat":[27,25],"product_tag":[],"class_list":{"0":"post-4199","1":"product","2":"type-product","3":"status-publish","4":"has-post-thumbnail","6":"product_cat-nowe-propozycje","7":"product_cat-szkolenia","9":"first","10":"instock","11":"sale","12":"taxable","13":"shipping-taxable","14":"purchasable","15":"product-type-simple"},"_links":{"self":[{"href":"https:\/\/autodrom4x4.pl\/offroad\/wp-json\/wp\/v2\/product\/4199"}],"collection":[{"href":"https:\/\/autodrom4x4.pl\/offroad\/wp-json\/wp\/v2\/product"}],"about":[{"href":"https:\/\/autodrom4x4.pl\/offroad\/wp-json\/wp\/v2\/types\/product"}],"replies":[{"embeddable":true,"href":"https:\/\/autodrom4x4.pl\/offroad\/wp-json\/wp\/v2\/comments?post=4199"}],"wp:featuredmedia":[{"embeddable":true,"href":"https:\/\/autodrom4x4.pl\/offroad\/wp-json\/wp\/v2\/media\/4605"}],"wp:attachment":[{"href":"https:\/\/autodrom4x4.pl\/offroad\/wp-json\/wp\/v2\/media?parent=4199"}],"wp:term":[{"taxonomy":"product_cat","embeddable":true,"href":"https:\/\/autodrom4x4.pl\/offroad\/wp-json\/wp\/v2\/product_cat?post=4199"},{"taxonomy":"product_tag","embeddable":true,"href":"https:\/\/autodrom4x4.pl\/offroad\/wp-json\/wp\/v2\/product_tag?post=4199"}],"curies":[{"name":"wp","href":"https:\/\/api.w.org\/{rel}","templated":true}]}}